{"id":1083,"date":"2021-01-13T15:29:56","date_gmt":"2021-01-13T15:29:56","guid":{"rendered":"https:\/\/petdireito.ufpr.br\/?page_id=1083"},"modified":"2021-01-13T17:26:44","modified_gmt":"2021-01-13T17:26:44","slug":"anais-da-xxii-jornada-de-iniciacao-cientifica-curitiba-v-1-n-11-2020","status":"publish","type":"page","link":"https:\/\/petdireito.ufpr.br\/index.php\/anais-da-xxii-jornada-de-iniciacao-cientifica-curitiba-v-1-n-11-2020\/","title":{"rendered":"Anais da XXII Jornada de Inicia\u00e7\u00e3o Cient\u00edfica, Curitiba, v. 1, n. 11, 2020."},"content":{"rendered":"<hr \/>\n<p><strong>Editores:<\/strong>\u00a0Bruno de Oliveira Cruz, Let\u00edcia Klechowicz, Mariana Randon Savaris, Matheus Henrique Pires da Silva, Renata Naomi Tranjan e Uriel Pozzi.<\/p>\n<hr \/>\n<p><strong>Tutora do Grupo PET\/Direito:\u00a0<\/strong>Heloisa Fernandes C\u00e2mara.<\/p>\n<hr \/>\n<p><strong>Organiza\u00e7\u00e3o: <\/strong>Bruno de Oliveira Cruz, Let\u00edcia Klechowicz, Mariana Randon Savaris, Matheus Henrique Pires da Silva, Renata Naomi Tranjan e Uriel Pozzi.<\/p>\n<hr \/>\n<p><strong>Apresenta\u00e7\u00e3o:<\/strong><\/p>\n<p style=\"text-align: justify;\">Em 2020, o grupo PET Direito organizou a XXII Jornada de Inicia\u00e7\u00e3o Cient\u00edfica. A Jornada realizou\u00a0tr\u00eas bancas simult\u00e2neas nas \u00e1reas de\u00a0<strong>Estudos em\u00a0<\/strong><strong>Direito das Rela\u00e7\u00f5es Sociais<\/strong>,\u00a0<strong>Estudos em\u00a0<\/strong><strong>Direito do Estado<\/strong>\u00a0e\u00a0<strong>Estudos Te\u00f3ricos e Interdisciplinares do Direito<\/strong>, seguindo as linhas de pesquisa do Programa de P\u00f3s-Gradua\u00e7\u00e3o em Direito da UFPR. As bancas contaram com Doutoras\/Doutorandas, Mestre\/Mestrandas e um membro graduado em Direito na UFPR. Foram\u00a0apresentados, avaliados e aprovados 7 artigos distribu\u00eddos nas tr\u00eas\u00a0\u00e1reas de concentra\u00e7\u00e3o. Os Anais da XXII Jornada de Inicia\u00e7\u00e3o Cient\u00edfica receberam artigos tanto dos estudantes da UFPR como de outras institui\u00e7\u00f5es de ensino.<\/p>\n<p><a href=\"https:\/\/petdireito.ufpr.br\/index.php\/2020\/06\/29\/edital-de-convocacao-da-xxii-jornada-de-iniciacao-cientifica\/\">Edital<\/a><\/p>\n<hr \/>\n<p><strong><a href=\"https:\/\/petdireito.ufpr.br\/index.php\/prefacio-aos-anais-da-xxii-jornada-de-iniciacao-cientifica\/\">Pref\u00e1cio pelos Editores<\/a>\u00a0<\/strong>(p. 1)<\/p>\n<hr \/>\n<p><strong>ESTUDOS EM DIREITO DAS RELA\u00c7\u00d5ES SOCIAIS<\/strong><\/p>\n<hr \/>\n<p><strong>Banca:\u00a0<\/strong>Mar\u00edlia Pedroso Xavier, Luciana Pedroso Xavier e Alice de Perdig\u00e3o Lana.<\/p>\n<hr \/>\n<p><strong>Artigos publicados:<\/strong><\/p>\n<hr \/>\n<p><strong>1 \u00aa Colocada: \u201c<a href=\"https:\/\/petdireito.ufpr.br\/index.php\/anais-da-xxii-jornada-de-iniciacao-cientifica-curitiba-v-1-n-11-p-2-17-2020\/\">Cidades insurgentes e a teoria do municipalismo libert\u00e1rio como modelo para um resgate do sentido pol\u00edtico da cidadania no Brasil<\/a>\u201c<\/strong><strong>\u00a0<\/strong>(p. 2-17)\u00a0por Ana Paula Graboski de Almeida.<\/p>\n<hr \/>\n<p><strong>2 \u00aa Colocada: \u201c<a href=\"https:\/\/petdireito.ufpr.br\/index.php\/anais-da-xxii-jornada-de-iniciacao-cientifica-curitiba-v-1-n-11-p-18-33-2020\/\">A utiliza\u00e7\u00e3o da cl\u00e1usula geral de boa-f\u00e9 no direito civil brasileiro e alem\u00e3o &#8211; breves exemplos pr\u00e1ticos<\/a>\u201d\u00a0<\/strong>(p. 18-33)\u00a0por\u00a0Iara Gubert\u00a0e Matheus Gomes Setti.<\/p>\n<hr \/>\n<p><strong>3 \u00aa Colocada: \u201c<a href=\"https:\/\/petdireito.ufpr.br\/index.php\/anais-da-xxii-jornada-de-iniciacao-cientifica-curitiba-v-1-n-11-p-34-58-2020\/\">A r(d)eforma previdenci\u00e1ria no Brasil: o desmonte da pol\u00edtica de assist\u00eancia social e do BPC<\/a>\u201d <\/strong>(p. 34-58) por\u00a0Larissa Rahmeier de Souza.<\/p>\n<hr \/>\n<hr \/>\n<p><strong>ESTUDOS EM DIREITO DO ESTADO<\/strong><\/p>\n<hr \/>\n<p><strong>Banca: <\/strong>Gabriela Barretto de S\u00e1, Renato de Almeida Freitas Jr. e Jefferson Lemes dos Santos.<\/p>\n<hr \/>\n<p><strong>Artigos publicados:<\/strong><\/p>\n<hr \/>\n<p><strong>1 \u00aa Colocada: \u201c<a href=\"https:\/\/petdireito.ufpr.br\/index.php\/anais-da-xxii-jornada-de-iniciacao-cientifica-curitiba-v-1-n-11-p-59-82-2020\/\">A (in)decis\u00e3o do Supremo Tribunal Federal acerca da execu\u00e7\u00e3o provis\u00f3ria da pena e sua configura\u00e7\u00e3o como agente principal de catimba constitucional<\/a>\u201c<\/strong><strong>\u00a0<\/strong>(p. 59-82)\u00a0por Isabela Vieira Leon.<\/p>\n<p><strong>2 \u00aa Colocada:\u00a0\u201c<a href=\"https:\/\/petdireito.ufpr.br\/index.php\/anais-da-xxii-jornada-de-iniciacao-cientifica-curitiba-v-1-n-11-p-83-105-2020\/\">A inconstitucionalidade da tributa\u00e7\u00e3o dos livros pela contribui\u00e7\u00e3o sobre bens e servi\u00e7os (CBS): uma an\u00e1lise social, jur\u00eddica e econ\u00f4mica<\/a>\u201d\u00a0<\/strong>(p. 83-105)\u00a0por\u00a0L\u00edvia Meireles de Oliveira e Victor Guilherme Esteche Filho.<\/p>\n<hr \/>\n<hr \/>\n<p><strong>ESTUDOS\u00a0TE\u00d3RICOS E INTERDISCIPLINARES DO DIREITO<br \/>\n<\/strong><\/p>\n<hr \/>\n<p><strong>Banca: <\/strong>Violeta Sarti Caldeira, Thais Pinhata de Souza e Dandara Lucas Pinto.<\/p>\n<hr \/>\n<p><strong>Artigos publicados:<\/strong><\/p>\n<hr \/>\n<p><strong>1 \u00aa Colocada: \u201c<a href=\"https:\/\/petdireito.ufpr.br\/index.php\/anais-da-xxii-jornada-de-iniciacao-cientifica-curitiba-v-1-n-11-p-106-126-2020\/\">A condi\u00e7\u00e3o de &#8220;outro do outro&#8221; da mulher negra: um duplo processo de objetifica\u00e7\u00e3o<\/a>&#8220;<\/strong><strong>\u00a0<\/strong>(p. 106-126)\u00a0por Rayssa Mendes da Rocha.<\/p>\n<hr \/>\n<p><strong>2 \u00ba Colocado:\u00a0<\/strong><strong>\u201c<a href=\"https:\/\/petdireito.ufpr.br\/index.php\/anais-da-xxii-jornada-de-iniciacao-cientifica-curitiba-v-1-n-11-p-127-142-2020\/\">Migra\u00e7\u00f5es internacionais e o sul global: g\u00eanero, ra\u00e7a e as rela\u00e7\u00f5es de trabalho no contexto migrat\u00f3rio latino-americano<\/a>\u201c<\/strong><strong>\u00a0<\/strong>(p. 127-142)\u00a0por Alceb\u00edades Meireles Meneses.<\/p>\n<hr \/>\n<p>&nbsp;<\/p>\n","protected":false},"excerpt":{"rendered":"<p>Editores:\u00a0Bruno de Oliveira Cruz, Let\u00edcia Klechowicz, Mariana Randon Savaris, Matheus Henrique Pires da Silva, Renata Naomi Tranjan e Uriel Pozzi. Tutora do Grupo PET\/Direito:\u00a0Heloisa Fernandes C\u00e2mara. Organiza\u00e7\u00e3o: Bruno de Oliveira Cruz, Let\u00edcia Klechowicz, Mariana Randon Savaris, Matheus Henrique&#8230; <a class=\"read-more\" href=\"https:\/\/petdireito.ufpr.br\/index.php\/anais-da-xxii-jornada-de-iniciacao-cientifica-curitiba-v-1-n-11-2020\/\">Read More<\/a><\/p>\n","protected":false},"author":1,"featured_media":0,"parent":0,"menu_order":0,"comment_status":"closed","ping_status":"open","template":"","meta":{"footnotes":""},"class_list":["post-1083","page","type-page","status-publish","hentry"],"_links":{"self":[{"href":"https:\/\/petdireito.ufpr.br\/index.php\/wp-json\/wp\/v2\/pages\/1083","targetHints":{"allow":["GET"]}}],"collection":[{"href":"https:\/\/petdireito.ufpr.br\/index.php\/wp-json\/wp\/v2\/pages"}],"about":[{"href":"https:\/\/petdireito.ufpr.br\/index.php\/wp-json\/wp\/v2\/types\/page"}],"author":[{"embeddable":true,"href":"https:\/\/petdireito.ufpr.br\/index.php\/wp-json\/wp\/v2\/users\/1"}],"replies":[{"embeddable":true,"href":"https:\/\/petdireito.ufpr.br\/index.php\/wp-json\/wp\/v2\/comments?post=1083"}],"version-history":[{"count":21,"href":"https:\/\/petdireito.ufpr.br\/index.php\/wp-json\/wp\/v2\/pages\/1083\/revisions"}],"predecessor-version":[{"id":1134,"href":"https:\/\/petdireito.ufpr.br\/index.php\/wp-json\/wp\/v2\/pages\/1083\/revisions\/1134"}],"wp:attachment":[{"href":"https:\/\/petdireito.ufpr.br\/index.php\/wp-json\/wp\/v2\/media?parent=1083"}],"curies":[{"name":"wp","href":"https:\/\/api.w.org\/{rel}","templated":true}]}}