{"id":1107,"date":"2021-01-13T16:46:45","date_gmt":"2021-01-13T16:46:45","guid":{"rendered":"https:\/\/petdireito.ufpr.br\/?page_id=1107"},"modified":"2021-01-13T16:46:45","modified_gmt":"2021-01-13T16:46:45","slug":"anais-da-xxii-jornada-de-iniciacao-cientifica-curitiba-v-1-n-11-p-59-82-2020","status":"publish","type":"page","link":"https:\/\/petdireito.ufpr.br\/index.php\/anais-da-xxii-jornada-de-iniciacao-cientifica-curitiba-v-1-n-11-p-59-82-2020\/","title":{"rendered":"Anais da XXII Jornada de Inicia\u00e7\u00e3o Cient\u00edfica, Curitiba, v. 1, n. 11, p. 59-82, 2020."},"content":{"rendered":"<p>[gview file=&#8221;https:\/\/petdireito.ufpr.br\/wp-content\/uploads\/2021\/01\/Isabela-Vieira-Leon-Estudos-em-Direito-do-Estado.pdf&#8221;]<\/p>\n","protected":false},"excerpt":{"rendered":"<p>[gview file=&#8221;https:\/\/petdireito.ufpr.br\/wp-content\/uploads\/2021\/01\/Isabela-Vieira-Leon-Estudos-em-Direito-do-Estado.pdf&#8221;]<\/p>\n","protected":false},"author":1,"featured_media":0,"parent":0,"menu_order":0,"comment_status":"closed","ping_status":"open","template":"","meta":{"footnotes":""},"class_list":["post-1107","page","type-page","status-publish","hentry"],"_links":{"self":[{"href":"https:\/\/petdireito.ufpr.br\/index.php\/wp-json\/wp\/v2\/pages\/1107","targetHints":{"allow":["GET"]}}],"collection":[{"href":"https:\/\/petdireito.ufpr.br\/index.php\/wp-json\/wp\/v2\/pages"}],"about":[{"href":"https:\/\/petdireito.ufpr.br\/index.php\/wp-json\/wp\/v2\/types\/page"}],"author":[{"embeddable":true,"href":"https:\/\/petdireito.ufpr.br\/index.php\/wp-json\/wp\/v2\/users\/1"}],"replies":[{"embeddable":true,"href":"https:\/\/petdireito.ufpr.br\/index.php\/wp-json\/wp\/v2\/comments?post=1107"}],"version-history":[{"count":1,"href":"https:\/\/petdireito.ufpr.br\/index.php\/wp-json\/wp\/v2\/pages\/1107\/revisions"}],"predecessor-version":[{"id":1109,"href":"https:\/\/petdireito.ufpr.br\/index.php\/wp-json\/wp\/v2\/pages\/1107\/revisions\/1109"}],"wp:attachment":[{"href":"https:\/\/petdireito.ufpr.br\/index.php\/wp-json\/wp\/v2\/media?parent=1107"}],"curies":[{"name":"wp","href":"https:\/\/api.w.org\/{rel}","templated":true}]}}