{"id":119,"date":"2015-06-06T02:20:50","date_gmt":"2015-06-06T02:20:50","guid":{"rendered":"https:\/\/petdireito.ufpr.br\/?page_id=119"},"modified":"2015-06-06T03:29:57","modified_gmt":"2015-06-06T03:29:57","slug":"anais-da-xiv-jornada-de-iniciacao-cientifica-vol-1-n-3-curitiba-2012","status":"publish","type":"page","link":"https:\/\/petdireito.ufpr.br\/index.php\/anais-da-xiv-jornada-de-iniciacao-cientifica-vol-1-n-3-curitiba-2012\/","title":{"rendered":"Anais da XIV Jornada de Inicia\u00e7\u00e3o Cient\u00edfica. Vol. 1, n. 3. Curitiba, 2012"},"content":{"rendered":"<hr \/>\n<p><strong>Editor: <\/strong><a href=\"http:\/\/buscatextual.cnpq.br\/buscatextual\/visualizacv.do?id=K4258463Y3\" target=\"_blank\">Jud\u00e1 Le\u00e3o Lobo<\/a><\/p>\n<hr \/>\n<p><strong>Tutor do Grupo PET-Direito: <\/strong><a href=\"http:\/\/buscatextual.cnpq.br\/buscatextual\/visualizacv.do?metodo=apresentar&amp;id=K4791142H9\" target=\"_blank\">Lu\u00eds Fernando Lopes Pereira<\/a>.<\/p>\n<hr \/>\n<p><strong>Organiza\u00e7\u00e3o: <\/strong>Grupo PET-Direito.<\/p>\n<hr \/>\n<p><strong>Banca Diurno: <\/strong><a href=\"http:\/\/buscatextual.cnpq.br\/buscatextual\/visualizacv.do?metodo=apresentar&amp;id=K4783091A2\" target=\"_blank\">Vera Karam de Chueiri<\/a> (Presidente), <a href=\"http:\/\/buscatextual.cnpq.br\/buscatextual\/visualizacv.do?id=W324311\" target=\"_blank\">Priscilla Placha Sa<\/a> e <a href=\"http:\/\/buscatextual.cnpq.br\/buscatextual\/visualizacv.do?metodo=apresentar&amp;id=K4765555H4\" target=\"_blank\">S\u00e9rgio Staut Said Jr<\/a>.<\/p>\n<hr \/>\n<p><strong>Banca Noturno:<\/strong><a href=\"http:\/\/buscatextual.cnpq.br\/buscatextual\/visualizacv.do?metodo=apresentar&amp;id=K4133483U7\" target=\"_blank\"> Egon Bockmann Moreira<\/a> (Presidente), <a href=\"http:\/\/buscatextual.cnpq.br\/buscatextual\/visualizacv.do?id=K4773339T8\" target=\"_blank\">Francisco Monteiro da Rocha Jr.<\/a> e <a href=\"http:\/\/buscatextual.cnpq.br\/buscatextual\/visualizacv.do?metodo=apresentar&amp;id=K4130797D5\" target=\"_blank\">Ricardo Prestes Pazello<\/a>.<\/p>\n<hr \/>\n<p><span style=\"text-decoration: underline;\"><strong>Sum\u00e1rio<\/strong><\/span><\/p>\n<p><strong><a href=\"http:\/\/www.direito.ufpr.br\/petdireito\/pdfs\/prefacio.pdf\" target=\"_blank\">Pref\u00e1cio<\/a> \u2013 <\/strong>Lu\u00eds Fernando Lopes Pereira.<\/p>\n<hr \/>\n<p><strong>Banca Diurno:<\/strong><\/p>\n<hr \/>\n<p><strong>1\u00b0 colocado: <a href=\"http:\/\/www.direito.ufpr.br\/petdireito\/pdfs\/a%20republica%20dos%20baroes%20uma%20transicao%20de%20permanencias.pdf\" target=\"_blank\">A Rep\u00fablica dos Bar\u00f5es: uma transi\u00e7\u00e3o de perman\u00eancias<\/a> <\/strong>(p. 3-22), por Jud\u00e1 Le\u00e3o Lobo.<\/p>\n<hr \/>\n<p><strong>2\u00b0 colocado: <a href=\"http:\/\/www.direito.ufpr.br\/petdireito\/pdfs\/kelsen%20e%20as%20teorias%20marxistas%20do%20estado.pdf\" target=\"_blank\">Kelsen e as teorias marxistas do Direito e do Estado: apontamentos para uma aproxima\u00e7\u00e3o<\/a> <\/strong>(p. 23-34), por Henrique Kramer da Cruz e Silva.<\/p>\n<hr \/>\n<p><strong>3\u00b0 colocado: <a href=\"http:\/\/www.direito.ufpr.br\/petdireito\/pdfs\/entre%20a%20democracia%20e%20o%20estado%20de%20excecao.pdf\" target=\"_blank\">Entre a democracia e o Estado de exce\u00e7\u00e3o: a a\u00e7\u00e3o pol\u00edtica para al\u00e9m do voto<\/a> <\/strong>(p. 35-54), por Allan Mohamad Hillani.<\/p>\n<hr \/>\n<p><strong>Banca Noturno:<\/strong><\/p>\n<p>&nbsp;<\/p>\n<hr \/>\n<p><strong>1\u00b0 colocado: <a href=\"http:\/\/www.direito.ufpr.br\/petdireito\/pdfs\/penitenciaria%20feminina%20de%20piraquara.pdf\" target=\"_blank\">Penitenci\u00e1ria Feminina de Piraquara: um ensaio sobre vida e tr\u00e1fico <\/a><\/strong>(p. 55-74), por Gabriela Caramuru Teles e Victor S. Romfeld.<\/p>\n<hr \/>\n<p><strong>1\u00b0 colocado:\u00a0<a href=\"http:\/\/www.direito.ufpr.br\/petdireito\/pdfs\/ultra%20violencia.pdf\" target=\"_blank\">Ultra viol\u00eancia: uma cr\u00edtica \u00e0 preven\u00e7\u00e3o especial em Laranja Mec\u00e2nica <\/a><\/strong>(p. 75-89), por Gabrielle Stricker do Valle<\/p>\n<hr \/>\n<p><strong>3\u00b0 colocado: <a href=\"http:\/\/www.direito.ufpr.br\/petdireito\/pdfs\/educacao%20e%20barbarie.pdf\" target=\"_blank\">Educa\u00e7\u00e3o e barb\u00e1rie: a fam\u00edlia, a escola e a domestica\u00e7\u00e3o das consci\u00eancias<\/a>\u00a0<\/strong>(p. 90-109), por Andressa Regina Bissolotti dos Santos.<\/p>\n<hr \/>\n<p><strong><a href=\"http:\/\/www.direito.ufpr.br\/petdireito\/pdfs\/resumos.pdf\" target=\"_blank\">Resumos XIV Jornada de Inicia\u00e7\u00e3o Cient\u00edfica<\/a> (p. 110-118).<\/strong><\/p>\n","protected":false},"excerpt":{"rendered":"<p>Editor: Jud\u00e1 Le\u00e3o Lobo Tutor do Grupo PET-Direito: Lu\u00eds Fernando Lopes Pereira. Organiza\u00e7\u00e3o: Grupo PET-Direito. Banca Diurno: Vera Karam de Chueiri (Presidente), Priscilla Placha Sa e S\u00e9rgio Staut Said Jr. Banca Noturno: Egon Bockmann Moreira (Presidente), Francisco Monteiro&#8230; <a class=\"read-more\" href=\"https:\/\/petdireito.ufpr.br\/index.php\/anais-da-xiv-jornada-de-iniciacao-cientifica-vol-1-n-3-curitiba-2012\/\">Read More<\/a><\/p>\n","protected":false},"author":1,"featured_media":0,"parent":0,"menu_order":0,"comment_status":"closed","ping_status":"open","template":"","meta":{"footnotes":""},"class_list":["post-119","page","type-page","status-publish","hentry"],"_links":{"self":[{"href":"https:\/\/petdireito.ufpr.br\/index.php\/wp-json\/wp\/v2\/pages\/119","targetHints":{"allow":["GET"]}}],"collection":[{"href":"https:\/\/petdireito.ufpr.br\/index.php\/wp-json\/wp\/v2\/pages"}],"about":[{"href":"https:\/\/petdireito.ufpr.br\/index.php\/wp-json\/wp\/v2\/types\/page"}],"author":[{"embeddable":true,"href":"https:\/\/petdireito.ufpr.br\/index.php\/wp-json\/wp\/v2\/users\/1"}],"replies":[{"embeddable":true,"href":"https:\/\/petdireito.ufpr.br\/index.php\/wp-json\/wp\/v2\/comments?post=119"}],"version-history":[{"count":4,"href":"https:\/\/petdireito.ufpr.br\/index.php\/wp-json\/wp\/v2\/pages\/119\/revisions"}],"predecessor-version":[{"id":143,"href":"https:\/\/petdireito.ufpr.br\/index.php\/wp-json\/wp\/v2\/pages\/119\/revisions\/143"}],"wp:attachment":[{"href":"https:\/\/petdireito.ufpr.br\/index.php\/wp-json\/wp\/v2\/media?parent=119"}],"curies":[{"name":"wp","href":"https:\/\/api.w.org\/{rel}","templated":true}]}}