{"id":1368,"date":"2022-09-01T14:08:00","date_gmt":"2022-09-01T14:08:00","guid":{"rendered":"https:\/\/petdireito.ufpr.br\/?page_id=1368"},"modified":"2022-09-01T22:29:34","modified_gmt":"2022-09-01T22:29:34","slug":"livro-as-encruzilhadas-da-subjetividade-juridica-a-partir-do-sul-2021","status":"publish","type":"page","link":"https:\/\/petdireito.ufpr.br\/index.php\/livro-as-encruzilhadas-da-subjetividade-juridica-a-partir-do-sul-2021\/","title":{"rendered":"Livro: As Encruzilhadas da Subjetividade Jur\u00eddica a Partir do Sul (2021)"},"content":{"rendered":"\n<p><strong>Tutora do Grupo PET-Direito<\/strong>:&nbsp;<a rel=\"noreferrer noopener\" href=\"http:\/\/lattes.cnpq.br\/7098767645536830\" target=\"_blank\">Helo\u00edsa Fernandes C\u00e2mara<\/a><\/p>\n\n\n\n<hr class=\"wp-block-separator\"\/>\n\n\n\n<p><strong>Organiza\u00e7\u00e3o:<\/strong>&nbsp;Grupo PET-Direito<\/p>\n\n\n\n<hr class=\"wp-block-separator\"\/>\n\n\n\n<p><strong>Apresenta\u00e7\u00e3o&nbsp;da Professora Tutora:<\/strong><\/p>\n\n\n\n<p>&#8221; O presente livro \u00e9 o resultado das pesquisas coletivas feitas pelas discentes do PET Direito UFPR em 2021, no segundo ano da pandemia.<\/p>\n\n\n\n<p>A marca\u00e7\u00e3o do tempo em que se deu a pesquisa \u00e9 parte importante para contextualiz\u00e1-la. O tema \u201cAs encruzilhadas da subjetividade jur\u00eddica a partir do sul\u201d foi escolhido com o objetivo de pensar o direito e suas pr\u00e1ticas a partir de um olhar que, sem excluir as contribui\u00e7\u00f5es do norte, pretende reconhecer as pr\u00e1ticas do sul como uma forma de saber mais de si.<\/p>\n\n\n\n<p>As ilustra\u00e7\u00f5es apresentadas ao fim dessa apresenta\u00e7\u00e3o, ambas de Joaqu\u00edn Torres Garc\u00eda, representam a busca pela teoriza\u00e7\u00e3o aliada e alinhada \u00e0 concretude das experi\u00eancias dos m\u00faltiplos sujeitos, muitas vezes exclu\u00eddos sob o manto do \u201chomem universal\u201d. A pesquisa foi acompanhada de importantes mudan\u00e7as no grupo PET. Em 2021 foi a primeira sele\u00e7\u00e3o de alunas em que houve cotas, em um esfor\u00e7o do grupo para ser mais plural e diverso n\u00e3o somente em seu agir, mas tamb\u00e9m em seu constituir. Foi tamb\u00e9m a primeira sele\u00e7\u00e3o feita integralmente de forma remota, o que nos fez repensar a pr\u00f3pria forma de sele\u00e7\u00e3o. A fase escrita consistiu na produ\u00e7\u00e3o de ensaio. A inclus\u00e3o do g\u00eanero ensaio trouxe maior espa\u00e7o para a criatividade das discentes e abertura \u00e0s viv\u00eancias na rela\u00e7\u00e3o com os textos indicados.<\/p>\n\n\n\n<p>Tamb\u00e9m merece destaque o I Concurso de Artigos Cient\u00edficos do PET Direito da Universidade Federal do Paran\u00e1. O concurso foi criado para promover maior aproxima\u00e7\u00e3o com as discentes do curso de Direito da UFPR e possibilitar espa\u00e7o para publica\u00e7\u00e3o de bons trabalhos de graduandos. Parabenizamos os acad\u00eamicos Luiz Henrique dos Santos Lima e Luana Moratelli Orfino, que, respectivamente, ficaram em primeiro e segundo lugar no concurso. Agradecemos tamb\u00e9m as professoras B\u00e1rbara Caramuru Teles e TchennaFernandes Maso por terem composto a banca de avalia\u00e7\u00e3o.<\/p>\n\n\n\n<p>\u00c9 neste contexto de mudan\u00e7as que os artigos foram pensados, produzidos e debatidos. A busca de uma <em>outridade<\/em> que ajuda a olhar para si foi o fio condutor. Esperamos que as reflex\u00f5es aqui trazidas ajudem a (re)pensar a subjetividade jur\u00eddica.<\/p>\n\n\n\n<p><strong>Acesse a obra neste&nbsp;<a href=\"https:\/\/drive.google.com\/file\/d\/1yGBtLjYoFGi2rMDrQl3l7fvt7x17ON97\/view?usp=sharing\" target=\"_blank\" rel=\"noreferrer noopener\">link<\/a>.<\/strong><\/p>\n","protected":false},"excerpt":{"rendered":"<p>Tutora do Grupo PET-Direito:&nbsp;Helo\u00edsa Fernandes C\u00e2mara Organiza\u00e7\u00e3o:&nbsp;Grupo PET-Direito Apresenta\u00e7\u00e3o&nbsp;da Professora Tutora: &#8221; O presente livro \u00e9 o resultado das pesquisas coletivas feitas pelas discentes do PET Direito UFPR em 2021, no segundo ano da pandemia. A marca\u00e7\u00e3o do&#8230; <a class=\"read-more\" href=\"https:\/\/petdireito.ufpr.br\/index.php\/livro-as-encruzilhadas-da-subjetividade-juridica-a-partir-do-sul-2021\/\">Read More<\/a><\/p>\n","protected":false},"author":16,"featured_media":0,"parent":0,"menu_order":0,"comment_status":"closed","ping_status":"closed","template":"","meta":{"footnotes":""},"class_list":["post-1368","page","type-page","status-publish","hentry"],"_links":{"self":[{"href":"https:\/\/petdireito.ufpr.br\/index.php\/wp-json\/wp\/v2\/pages\/1368","targetHints":{"allow":["GET"]}}],"collection":[{"href":"https:\/\/petdireito.ufpr.br\/index.php\/wp-json\/wp\/v2\/pages"}],"about":[{"href":"https:\/\/petdireito.ufpr.br\/index.php\/wp-json\/wp\/v2\/types\/page"}],"author":[{"embeddable":true,"href":"https:\/\/petdireito.ufpr.br\/index.php\/wp-json\/wp\/v2\/users\/16"}],"replies":[{"embeddable":true,"href":"https:\/\/petdireito.ufpr.br\/index.php\/wp-json\/wp\/v2\/comments?post=1368"}],"version-history":[{"count":2,"href":"https:\/\/petdireito.ufpr.br\/index.php\/wp-json\/wp\/v2\/pages\/1368\/revisions"}],"predecessor-version":[{"id":1374,"href":"https:\/\/petdireito.ufpr.br\/index.php\/wp-json\/wp\/v2\/pages\/1368\/revisions\/1374"}],"wp:attachment":[{"href":"https:\/\/petdireito.ufpr.br\/index.php\/wp-json\/wp\/v2\/media?parent=1368"}],"curies":[{"name":"wp","href":"https:\/\/api.w.org\/{rel}","templated":true}]}}