{"id":1480,"date":"2024-08-05T23:52:50","date_gmt":"2024-08-05T23:52:50","guid":{"rendered":"https:\/\/petdireito.ufpr.br\/?page_id=1480"},"modified":"2024-08-05T23:52:50","modified_gmt":"2024-08-05T23:52:50","slug":"livro-reconhecimento-e-acesso-a-justica-2023","status":"publish","type":"page","link":"https:\/\/petdireito.ufpr.br\/index.php\/livro-reconhecimento-e-acesso-a-justica-2023\/","title":{"rendered":"Livro: Reconhecimento e Acesso \u00c0 Justi\u00e7a (2023)"},"content":{"rendered":"\n<p><strong>Tutora do Grupo PET-Direito<\/strong>:&nbsp;<a rel=\"noreferrer noopener\" href=\"http:\/\/lattes.cnpq.br\/7098767645536830\" target=\"_blank\">Helo\u00edsa Fernandes C\u00e2mara<\/a><\/p>\n\n\n\n<hr class=\"wp-block-separator has-alpha-channel-opacity\"\/>\n\n\n\n<p><strong>Organiza\u00e7\u00e3o:<\/strong>&nbsp;Grupo PET-Direito<\/p>\n\n\n\n<hr class=\"wp-block-separator has-alpha-channel-opacity\"\/>\n\n\n\n<p><strong>Apresenta\u00e7\u00e3o\u00a0do livro pela Professora Tutora:<\/strong><\/p>\n\n\n\n<p>No \u00e2mbito do PET Direito, uma das principais atividades \u00e9 a pesquisa coletiva. Como<br>grupo norteado pelo princ\u00edpio da educa\u00e7\u00e3o tutorial, na qual os discentes devem desenvolver<br>autonomia em suas atividades, a escolha do tema \u00e9 feita no ano anterior de forma deliberativa<br>entre os petianos.<br>\u00c9 nessa organiza\u00e7\u00e3o que o tema escolhido para pesquisa em 2023 foi o de<br>\u201cReconhecimento e Acesso \u00e0 Justi\u00e7a\u201d. Como sempre, o tema \u00e9 suficientemente aberto para<br>comportar os interesses e preocupa\u00e7\u00f5es individuais, e circunscrito para que possamos elaborar um di\u00e1logo conjunto e construtivo.<br>Ao deliberarmos sobre a organiza\u00e7\u00e3o da pesquisa, enfrentamos a primeira quest\u00e3o:<br>no \u00e2mbito do direito, \u00e9 comum que \u201cacesso \u00e0 justi\u00e7a\u201d nos remeta \u00e0 imagem de uma justi\u00e7a<br>judici\u00e1ria, presente t\u00e3o somente nos tribunais, e que distingue os grupos sociais somente<br>pela sua capacidade de acesso ao processo formal e pelos direitos que esse processo viria<br>a garantir para aqueles que o buscam. Ou pior, acesso \u00e0 justi\u00e7a como sin\u00f4nimo de acesso<br>ao judici\u00e1rio, o que levaria as pesquisas a centrar-se na perspectiva processual do direito.<br>Apesar de n\u00e3o descartarmos tal instrumento como essencial na garantia do acesso<br>\u00e0 justi\u00e7a, ao propormos o tema de 2023, partimos do pressuposto que a Justi\u00e7a surge nas<br>mais diversas formas, seja como pol\u00edticas p\u00fablicas, tutela jurisdicional e extrajudicial, atividade administrativa e legislativa, manifesta\u00e7\u00f5es pol\u00edticas, ou em incont\u00e1veis outras formas<br>de efetiva\u00e7\u00e3o e promo\u00e7\u00e3o de direitos e garantias aos mais diversos povos, ainda que nosso<br>foco tenha sido pensar em grupos vulnerabilizados.<br>Para isso, contudo, entendemos como necess\u00e1ria a busca do reconhecimento, se<br>\u00e9 que ele existe de fato, de indiv\u00edduos que v\u00e3o para al\u00e9m do indiv\u00edduo que \u00e9 utilizado como<br>padr\u00e3o pelos criadores de direito, qual seja: o homem branco cisg\u00eanero de classe alta.<br>A partir dos di\u00e1logos propiciados especialmente em nossos encontros de forma\u00e7\u00e3o,<br>pudemos pensar de forma cr\u00edtica o que significa se reconhecer e ser reconhecido pelas institui\u00e7\u00f5es. Partindo de autores como Axel Honneth, Nancy Fraser, Judith Butler e outros, a luta<br>pelo reconhecimento e suas complexidades permeou as atividades e pesquisas do grupo, de<br>forma a poder pensar o direito de baixo para cima, e como as institui\u00e7\u00f5es estatais incorporam<br>as demandas desses grupos, algumas vezes de forma a propiciar efetivo reconhecimento, de<br>outras com mostrando falhas e limita\u00e7\u00f5es do direito.<br>O processo de pesquisa come\u00e7a com a escolha do tema, e nesse ano foi poss\u00edvel perceber como as viv\u00eancias, sensibilidades e abertura \u00e0 alteridade moldaram a pr\u00f3pria<br>delimita\u00e7\u00e3o do objeto de pesquisa. Sendo um trabalho em duplas, mas em um grupo mais<br>amplo, as pesquisas foram debatidas coletivamente desde o seu enquadramento, passando pelos pressupostos e marcos te\u00f3ricos e reda\u00e7\u00e3o. Ainda que a escrita seja a quatro m\u00e3os, a<br>pesquisa sempre leva uma parte do debate coletivo. As pesquisas tiveram metodologias e<br>recortes distintos, mas com o ponto comum de conjugar teoria e pr\u00e1tica, alguns, inclusive,<br>com pesquisa emp\u00edrica.<br>Frutos da constru\u00e7\u00e3o coletiva, apresento os cap\u00edtulos, iniciando pelo texto de<br>Daniel Paulino Filho e Kamila de Oliveira Fagundes, intitulado Entre o Reconhecimento e a<br>Redistribui\u00e7\u00e3o: a luta pela titula\u00e7\u00e3o do territ\u00f3rio da Comunidade Quilombola Rio Verde<br>(Guaraque\u00e7aba\/PR), em que tratam do processo administrativo e judicial da titula\u00e7\u00e3o do territ\u00f3rio da Comunidade Quilombola. O cap\u00edtulo explora a import\u00e2ncia da titula\u00e7\u00e3o para prote\u00e7\u00e3o dos direitos quilombolas, retomando os debates constituintes sobre o tema e a tentativa<br>de esvaziamento da previs\u00e3o constitucional.<br>Na sequ\u00eancia, Gabriel Vicente Andrade e Rebeca Dionysio Felix tratam de como o<br>Tribunal de Justi\u00e7a paranaense julgou casos envolvendo conflitos de terras. Em Luta por um<br>Peda\u00e7o de Terra no Paran\u00e1: a viol\u00eancia institucional ao MST e o seu tratamento no \u00e2mbito<br>do TJPR, os alunos revisitam a trajet\u00f3ria do MST, e quais os direitos envolvidos, para avaliar<br>o tratamento dado pelo judici\u00e1rio.<br>Em O Acesso \u00e0 Justi\u00e7a pelos Pescadores Artesanais: das \u00e1guas costeiras ao alto<br>mar, Francisco Gubert Garcez Duarte e Giovanna Ribeiro Sim\u00f5es Nunes avaliam a categoria<br>de pescadores artesanais, seu tratamento jur\u00eddico e as dificuldades de manuten\u00e7\u00e3o de sua<br>atividade em decorr\u00eancia de atividades pesqueiras industriais, al\u00e9m de pontuarem as limita\u00e7\u00f5es jur\u00eddicas no enfrentamento do tema.<br>Um conjunto de pesquisas tratou sobre reconhecimento e justi\u00e7a a partir de preocupa\u00e7\u00f5es com viol\u00eancia de g\u00eanero, seja em sentido f\u00edsico, seja como viol\u00eancia simb\u00f3lica.<br>Em A Liberdade do Reconhecer-se: um estudo acerca da express\u00e3o da sexualidade no l\u00f3cus da militariza\u00e7\u00e3o do ensino no Paran\u00e1, Nara Veiga Borges e Thalison Daniel<br>Dullius analisam como a sexualidade faz parte da identidade e como a militariza\u00e7\u00e3o de escolas no Paran\u00e1 afetam negativamente esse aspecto, uma vez que h\u00e1 cerceamento da liberdade<br>de ser o que se \u00e9.<br>Em A Figura do Consentimento como Novo Paradigma dos Crimes de Viol\u00eancia<br>Sexual, Eduarda Villwock e Milena Colla\u00e7o Martins analisam como o consentimento \u00e9 tratado<br>pelos autores e pr\u00e1ticas penais em conjunto com o fen\u00f4meno da revitimiza\u00e7\u00e3o. As autoras<br>tratam, a partir da jurisprud\u00eancia internacional, da necessidade da mudan\u00e7a do crit\u00e9rio de<br>consentimento para a caracteriza\u00e7\u00e3o da viol\u00eancia sexual.<br>No cap\u00edtulo Acesso \u00e0 Justi\u00e7a e Reconhecimento: an\u00e1lise da viol\u00eancia dom\u00e9stica<br>e familiar contra mulheres com defici\u00eancia, J\u00falia Fontes Schmidt Ogalha e Matheus Ideta<br>Bergamo analisam tema pouco debatido na literatura jur\u00eddica, a viol\u00eancia dom\u00e9stica contra mulheres com defici\u00eancia. A falta de dados no sistema de justi\u00e7a motivou os autores a trabalharem com dados do sistema de sa\u00fade para entender o fen\u00f4meno e as dificuldades<br>relacionadas a ele.<br>Em Inerentemente Irreconhec\u00edvel: como os agentes da \u201cmanosfera\u201d discursam<br>acerca das mulheres e os resultados materializados do discurso, Gabriela Wilxenski<br>Rodrigues e Ma\u00edsa Ribeiro Leone Silva tratam da viol\u00eancia contra mulheres nos discursos<br>existentes nas redes, uma situa\u00e7\u00e3o que somente foi reconhecida como viol\u00eancia recentemente e que afeta mulheres e meninas.<br>Os dois \u00faltimos cap\u00edtulos envolvem o direito animal. Marina Soares Jenisch e Matheus<br>Henrique Pires da Silva prop\u00f5em uma an\u00e1lise decolonial em Direito Animal Decolonial: do<br>epistemic\u00eddio \u00e0 desobedi\u00eancia epist\u00eamica. J\u00e1 Fernando Maia Eduardo e Mateus Baptista de<br>Siqueira em Uma An\u00e1lise Cr\u00edtica do Atual Acesso \u00e0 Justi\u00e7a e Reconhecimento dos Animais<br>N\u00e3o Humanos a Partir das Teorias do Bem-Estarismo e do Movimento Abolicionista<br>Animal, retomam como as teorias da justi\u00e7a lidaram com o tema animal.<br>Ainda, em conjunto com a pesquisa coletiva, refor\u00e7a-se que diversas atividades,<br>tanto no \u00e2mbito da pesquisa quanto do ensino e da extens\u00e3o, foram desenvolvidas ao longo<br>do ano letivo de 2023.<br>Primeiramente, tivemos os encontros de forma\u00e7\u00e3o, voltados para o p\u00fablico interno<br>do grupo, brilhantemente ministrados por Mozart Pereira, Victor Romfeld, Taysa Schiocchet<br>e Kathleen Tie, a quem agradecemos pelo aux\u00edlio nos primeiros passos do estudo do tema.<br>Agradecemos tamb\u00e9m, em nome do prof. Leandro Gorsdorf, a parceria do grupo de<br>extens\u00e3o \u201cJogo do Acesso \u00e0 Justi\u00e7a\u201d, que tem sido muito produtiva e frut\u00edfera, e nos ajudou a<br>come\u00e7ar a iniciativa para aumentar os projetos de extens\u00e3o dentro do PET Direito.<br>O Minicurso do PET em 2023 tamb\u00e9m resultou em encontros ricos, sendo abordado<br>os temas da Viol\u00eancia Dom\u00e9stica, amplamente estudado pelos alunos do grupo esse ano,<br>da Justi\u00e7a Socioambiental e das Fam\u00edlias Multiesp\u00e9cie. Agradecemos a nossos palestrantes<br>Karollyne Nascimento e Jana\u00edna Plasido, Katya Isaguirre-Torres e Maria Vit\u00f3ria Fontolan e<br>Vicente De Paula J\u00fanior e Yuri Lima, que muito contribu\u00edram para o estudo dos temas.<br>Tivemos tamb\u00e9m, em conjunto com o lan\u00e7amento da nossa obra de 2023, uma excepcional apresenta\u00e7\u00e3o do grupo de teatro do Direito UFPR, a companhia de teatro Ins\u00f3litos,<br>que, com um excerto de \u201cO Auto da Compadecida\u201d, trouxeram arte para a nossa discuss\u00e3o<br>sobre o acesso \u00e0 justi\u00e7a.<br>As tradicionais oficinas de metodologia, que objetivam auxiliar a comunidade externa<br>com o desenvolvimento da pesquisa, tamb\u00e9m superaram as expectativas. Agradecemos \u00e0s<br>brilhantes falas dos professores da casa Thiago Hoshino, Willian Pugliese, Luis Fernando,<br>Daniel Hachem, Fabr\u00edcio Tomio e Priscila Plach\u00e1, que trataram com maestria dos temas propostos pelos estudantes do grupo.<\/p>\n\n\n\n<p>Por fim, mas com toda certeza n\u00e3o menos importante, agradecemos a todos que<br>participaram, tanto apresentando trabalhos como na composi\u00e7\u00e3o das bancas de avalia\u00e7\u00e3o,<br>da nossa XXV Jornada de Inicia\u00e7\u00e3o Cient\u00edfica, que continua sendo importante oportunidade<br>para todos os estudantes de Direito se desenvolverem no ambiente acad\u00eamico ainda dentro<br>da gradua\u00e7\u00e3o.<\/p>\n\n\n\n<p><br>Curitiba, dezembro de 2023.<\/p>\n\n\n\n<p><br>Heloisa Fernandes C\u00e2mara<br>Rebeca Dionysio Felix<\/p>\n\n\n\n<p>Acesse o livro <a href=\"https:\/\/petdireito.ufpr.br\/wp-content\/uploads\/2024\/08\/PET-2023_ebook.pdf\">aqui<\/a><\/p>\n\n\n\n<p><\/p>\n\n\n\n<div data-wp-interactive=\"core\/file\" class=\"wp-block-file\"><object data-wp-bind--hidden=\"!state.hasPdfPreview\" hidden class=\"wp-block-file__embed\" data=\"https:\/\/petdireito.ufpr.br\/wp-content\/uploads\/2024\/08\/PET-2023_ebook.pdf\" type=\"application\/pdf\" style=\"width:100%;height:600px\" aria-label=\"Incorporado de PET-2023_ebook.\"><\/object><a id=\"wp-block-file--media-7d95e854-a5c8-44ea-b2c9-200df0eaecc7\" href=\"https:\/\/petdireito.ufpr.br\/wp-content\/uploads\/2024\/08\/PET-2023_ebook.pdf\">PET-2023_ebook<\/a><a href=\"https:\/\/petdireito.ufpr.br\/wp-content\/uploads\/2024\/08\/PET-2023_ebook.pdf\" class=\"wp-block-file__button wp-element-button\" download aria-describedby=\"wp-block-file--media-7d95e854-a5c8-44ea-b2c9-200df0eaecc7\">Baixar<\/a><\/div>\n","protected":false},"excerpt":{"rendered":"<p>Tutora do Grupo PET-Direito:&nbsp;Helo\u00edsa Fernandes C\u00e2mara Organiza\u00e7\u00e3o:&nbsp;Grupo PET-Direito Apresenta\u00e7\u00e3o\u00a0do livro pela Professora Tutora: No \u00e2mbito do PET Direito, uma das principais atividades \u00e9 a pesquisa coletiva. Comogrupo norteado pelo princ\u00edpio da educa\u00e7\u00e3o tutorial, na qual os discentes devem&#8230; <a class=\"read-more\" href=\"https:\/\/petdireito.ufpr.br\/index.php\/livro-reconhecimento-e-acesso-a-justica-2023\/\">Read More<\/a><\/p>\n","protected":false},"author":16,"featured_media":0,"parent":0,"menu_order":0,"comment_status":"closed","ping_status":"closed","template":"","meta":{"footnotes":""},"class_list":["post-1480","page","type-page","status-publish","hentry"],"_links":{"self":[{"href":"https:\/\/petdireito.ufpr.br\/index.php\/wp-json\/wp\/v2\/pages\/1480","targetHints":{"allow":["GET"]}}],"collection":[{"href":"https:\/\/petdireito.ufpr.br\/index.php\/wp-json\/wp\/v2\/pages"}],"about":[{"href":"https:\/\/petdireito.ufpr.br\/index.php\/wp-json\/wp\/v2\/types\/page"}],"author":[{"embeddable":true,"href":"https:\/\/petdireito.ufpr.br\/index.php\/wp-json\/wp\/v2\/users\/16"}],"replies":[{"embeddable":true,"href":"https:\/\/petdireito.ufpr.br\/index.php\/wp-json\/wp\/v2\/comments?post=1480"}],"version-history":[{"count":1,"href":"https:\/\/petdireito.ufpr.br\/index.php\/wp-json\/wp\/v2\/pages\/1480\/revisions"}],"predecessor-version":[{"id":1482,"href":"https:\/\/petdireito.ufpr.br\/index.php\/wp-json\/wp\/v2\/pages\/1480\/revisions\/1482"}],"wp:attachment":[{"href":"https:\/\/petdireito.ufpr.br\/index.php\/wp-json\/wp\/v2\/media?parent=1480"}],"curies":[{"name":"wp","href":"https:\/\/api.w.org\/{rel}","templated":true}]}}