{"id":1487,"date":"2024-09-03T22:28:33","date_gmt":"2024-09-03T22:28:33","guid":{"rendered":"https:\/\/petdireito.ufpr.br\/?page_id=1487"},"modified":"2024-09-03T22:28:33","modified_gmt":"2024-09-03T22:28:33","slug":"xxv-jornada-de-iniciacao-cientifica","status":"publish","type":"page","link":"https:\/\/petdireito.ufpr.br\/index.php\/xxv-jornada-de-iniciacao-cientifica\/","title":{"rendered":"XXV Jornada de Inicia\u00e7\u00e3o Cient\u00edfica"},"content":{"rendered":"\n<p>As Jornadas de Inicia\u00e7\u00e3o Cient\u00edfica constituem o principal evento de pesquisa promovido<br>pelo Grupo PET-Direito UFPR. Ele ocorre desde 1998, sendo, desde sua forma\u00e7\u00e3o,<br>pensado com o intuito de possibilitar aos estudantes de Direito, seja da Universidade<br>Federal do Paran\u00e1 ou de outras institui\u00e7\u00f5es, a oportunidade de apresentarem suas<br>pesquisas e trabalhados diante de uma banca avaliadora, constitu\u00edda por professores e<br>pesquisadores do ambiente acad\u00eamico jur\u00eddico.<br>No Brasil a pesquisa acad\u00eamica \u00e9 concentrada quase que majoritariamente em institui\u00e7\u00f5es<br>de ensino p\u00fablicas, o que afeta diretamente a forma\u00e7\u00e3o acad\u00eamica dos alunos que t\u00eam a<br>oportunidade de ter acesso a an\u00e1lises cr\u00edticas e inovadoras. Nesse sentido, a pesquisa em<br>direito oferece instrumentos para compreender e lidar com a complexidade das rela\u00e7\u00f5es<br>sociais, o que aprimora a posterior atua\u00e7\u00e3o profissional, independente da \u00e1rea escolhida.<br>\u00c9 nesse contexto que as Jornadas estimulam primeiros contatos com a pesquisa, seja dos<br>alunos que apresentam, quanto de avaliadores, uma vez que as bancas s\u00e3o compostas por<br>professores e tamb\u00e9m mestrandos e doutorandos, alguns em primeira experi\u00eancia de<br>avalia\u00e7\u00e3o de trabalhos. Muitas gera\u00e7\u00f5es foram afetadas pelas Jornadas, e esperamos que<br>muitas outras ainda o sejam, em um compromisso pela melhoria da educa\u00e7\u00e3o jur\u00eddica.<br>No ano de 2023, agradecemos especialmente \u00e0s professoras da casa, Dr\u00aa. Katie Silene<br>C\u00e1ceres Arguello e Dr\u00aa. Clara Maria Roman Borges, ao professor Dr. Fernando Moreira<br>Freitas da Silva, das agora Mestres em Direito pela UFPR Me. J\u00falia Dumont Petry, Me.<br>Nahomi Helena de Santana, da Mestranda Gabriela Grupp, da Mestre e Doutoranda<br>Patr\u00edcia Silveira da Silva e, por fim, ao ex-petiano Yago Paiva Pereira, que fizeram<br>brilhantemente o trabalho de avalia\u00e7\u00e3o dos trabalhos submetidos nessa edi\u00e7\u00e3o das<br>jornadas de inicia\u00e7\u00e3o cient\u00edfica. A generosidade ao dispor do tempo sempre escasso, e<br>dos conselhos para aprimoramento das pesquisas se inscreveu na melhor tradi\u00e7\u00e3o de<br>produ\u00e7\u00e3o do conhecimento.<br>Os trabalhos selecionados para publica\u00e7\u00e3o, que constam nesta edi\u00e7\u00e3o, retratam discuss\u00f5es<br>das mais diversas tem\u00e1ticas dentro do Direito. Parabenizamos, por fim, n\u00e3o somente os<br>aprovados, mas todos que participaram dessas jornadas, ao tempo em que desejamos que<br>a forma\u00e7\u00e3o jur\u00eddica seja sempre comprometida com a qualidade e com a democracia.<\/p>\n\n\n\n<p><br><strong>Prof\u00aa. Helo\u00edsa C\u00e2mara<\/strong><br>Tutora do Grupo PET Direito<\/p>\n\n\n\n<p><\/p>\n\n\n\n<p>A Colet\u00e2nea completa dos artigos aprovados para a publica\u00e7\u00e3o podem ser acessados abaixo:<\/p>\n\n\n\n<div data-wp-interactive=\"core\/file\" class=\"wp-block-file\"><object data-wp-bind--hidden=\"!state.hasPdfPreview\" hidden class=\"wp-block-file__embed\" data=\"https:\/\/petdireito.ufpr.br\/wp-content\/uploads\/2024\/09\/Livro-XXV-Jornada-IC.pdf\" type=\"application\/pdf\" style=\"width:100%;height:600px\" aria-label=\"Incorporado de Livro-XXV-Jornada-IC.\"><\/object><a id=\"wp-block-file--media-80e877ba-0f3a-48ba-967e-c0fdb0f69e8f\" href=\"https:\/\/petdireito.ufpr.br\/wp-content\/uploads\/2024\/09\/Livro-XXV-Jornada-IC.pdf\">Livro-XXV-Jornada-IC<\/a><a href=\"https:\/\/petdireito.ufpr.br\/wp-content\/uploads\/2024\/09\/Livro-XXV-Jornada-IC.pdf\" class=\"wp-block-file__button wp-element-button\" download aria-describedby=\"wp-block-file--media-80e877ba-0f3a-48ba-967e-c0fdb0f69e8f\">Baixar<\/a><\/div>\n","protected":false},"excerpt":{"rendered":"<p>As Jornadas de Inicia\u00e7\u00e3o Cient\u00edfica constituem o principal evento de pesquisa promovidopelo Grupo PET-Direito UFPR. Ele ocorre desde 1998, sendo, desde sua forma\u00e7\u00e3o,pensado com o intuito de possibilitar aos estudantes de Direito, seja da UniversidadeFederal do Paran\u00e1 ou&#8230; <a class=\"read-more\" href=\"https:\/\/petdireito.ufpr.br\/index.php\/xxv-jornada-de-iniciacao-cientifica\/\">Read More<\/a><\/p>\n","protected":false},"author":16,"featured_media":0,"parent":0,"menu_order":0,"comment_status":"closed","ping_status":"closed","template":"","meta":{"footnotes":""},"class_list":["post-1487","page","type-page","status-publish","hentry"],"_links":{"self":[{"href":"https:\/\/petdireito.ufpr.br\/index.php\/wp-json\/wp\/v2\/pages\/1487","targetHints":{"allow":["GET"]}}],"collection":[{"href":"https:\/\/petdireito.ufpr.br\/index.php\/wp-json\/wp\/v2\/pages"}],"about":[{"href":"https:\/\/petdireito.ufpr.br\/index.php\/wp-json\/wp\/v2\/types\/page"}],"author":[{"embeddable":true,"href":"https:\/\/petdireito.ufpr.br\/index.php\/wp-json\/wp\/v2\/users\/16"}],"replies":[{"embeddable":true,"href":"https:\/\/petdireito.ufpr.br\/index.php\/wp-json\/wp\/v2\/comments?post=1487"}],"version-history":[{"count":1,"href":"https:\/\/petdireito.ufpr.br\/index.php\/wp-json\/wp\/v2\/pages\/1487\/revisions"}],"predecessor-version":[{"id":1489,"href":"https:\/\/petdireito.ufpr.br\/index.php\/wp-json\/wp\/v2\/pages\/1487\/revisions\/1489"}],"wp:attachment":[{"href":"https:\/\/petdireito.ufpr.br\/index.php\/wp-json\/wp\/v2\/media?parent=1487"}],"curies":[{"name":"wp","href":"https:\/\/api.w.org\/{rel}","templated":true}]}}