{"id":1743,"date":"2026-03-05T13:36:00","date_gmt":"2026-03-05T13:36:00","guid":{"rendered":"https:\/\/petdireito.ufpr.br\/?page_id=1743"},"modified":"2026-03-06T00:36:29","modified_gmt":"2026-03-06T00:36:29","slug":"xxvii-jornada-de-iniciacao-cientifica-do-pet-direito-ufpr","status":"publish","type":"page","link":"https:\/\/petdireito.ufpr.br\/index.php\/xxvii-jornada-de-iniciacao-cientifica-do-pet-direito-ufpr\/","title":{"rendered":"XXVII Jornada de Inicia\u00e7\u00e3o Cient\u00edfica do PET Direito UFPR"},"content":{"rendered":"\n<h2 class=\"wp-block-heading\">APRESENTA\u00c7\u00c3O<\/h2>\n\n\n\n<p>O Programa de Educa\u00e7\u00e3o Tutorial (PET) Direito da Universidade Federal do Paran\u00e1 tem como uma de suas principais atividades as Jornadas de Inicia\u00e7\u00e3o Cient\u00edfica, que, em 2025, alcan\u00e7aram sua 27\u00aa edi\u00e7\u00e3o. Ao longo dessas quase tr\u00eas d\u00e9cadas, o evento consolidou\u00adse como um espa\u00e7o de est\u00edmulo \u00e0 pesquisa e de fortalecimento de uma cultura universit\u00e1ria comprometida com a produ\u00e7\u00e3o de conhecimento de qualidade. Trata\u00adse de um ambiente de trocas que beneficia n\u00e3o apenas quem apresenta suas pesquisas, mas tamb\u00e9m os avaliadores convidados e os petianos e petianas respons\u00e1veis pela organiza\u00e7\u00e3o de cada etapa do processo.<\/p>\n\n\n\n<p>Em 2025 foram apresentados nove trabalhos, abrangendo temas como migra\u00e7\u00f5es, execu\u00e7\u00e3o penal, teoria do direito e direitos humanos. A diversidade das pesquisas reflete o car\u00e1ter interdisciplinar do evento e sua fun\u00e7\u00e3o de incentivar a investiga\u00e7\u00e3o cr\u00edtica no \u00e2mbito da gradua\u00e7\u00e3o. Este livro re\u00fane os artigos selecionados para publica\u00e7\u00e3o no intuito de contribuir para com a difus\u00e3o do conhecimento produzido.<\/p>\n\n\n\n<p>Agradecemos especialmente aos membros das bancas avaliadoras, que dedicaram seu tempo e conhecimento para este evento. Nossa especial gratid\u00e3o \u00e0s professoras da casa, Prof.\u00aa Dr.\u00aa Helo\u00edsa Fernandes C\u00e2mara, tamb\u00e9m tutora do grupo, e Prof.\u00aa Dr.\u00aa \u00c2ngela Couto Machado Fonseca\u037e aos mestrandos da Faculdade de Direito da UFPR e ex\u00adpetianos Francisco Gubert Garcez Duarte e Gabriel Vicente Andrade\u037e \u00e0 expetiana Rebeca Dionysio Felix\u037e e aos pesquisadores convidados Ms. Nahomi Helena de Santana, Me. Juliano Glinski Pietzack e o mestrando Mateus Simioni Bittencourt. A qualidade das avalia\u00e7\u00f5es realizadas contribuiu decisivamente para o aprimoramento das pesquisas e para o \u00eaxito desta edi\u00e7\u00e3o.<\/p>\n\n\n\n<p>Por fim, agradecemos aos estudantes que apresentaram seus trabalhos e que continuam a se dedicar \u00e0 pesquisa, mesmo diante das dificuldades que esse caminho envolve. O PET Direito reafirma a import\u00e2ncia da produ\u00e7\u00e3o cient\u00edfica na forma\u00e7\u00e3o jur\u00eddica e espera que as Jornadas sigam ativas, contribuindo para o fortalecimento da pesquisa e para a consolida\u00e7\u00e3o do compromisso da universidade p\u00fablica, gratuita e de<br>qualidade.<\/p>\n\n\n\n<p><strong>Comiss\u00e3o Organizadora da XXVII Jornada de Inicia\u00e7\u00e3o Cient\u00edfica do PET Direito UFPR<\/strong><\/p>\n\n\n\n<div data-wp-interactive=\"core\/file\" class=\"wp-block-file\"><object data-wp-bind--hidden=\"!state.hasPdfPreview\" hidden class=\"wp-block-file__embed\" data=\"https:\/\/petdireito.ufpr.br\/wp-content\/uploads\/2026\/03\/XXVII-Jornadas-de-IC-PET-Direito-UFPR-1.pdf\" type=\"application\/pdf\" style=\"width:100%;height:1000px\" aria-label=\"Incorporado de XXVII Jornadas de IC - PET Direito UFPR.\"><\/object><a id=\"wp-block-file--media-6f68d27f-2b0c-42e9-a00e-8183efe9ca59\" href=\"https:\/\/petdireito.ufpr.br\/wp-content\/uploads\/2026\/03\/XXVII-Jornadas-de-IC-PET-Direito-UFPR-1.pdf\">XXVII Jornadas de IC &#8211; PET Direito UFPR<\/a><a href=\"https:\/\/petdireito.ufpr.br\/wp-content\/uploads\/2026\/03\/XXVII-Jornadas-de-IC-PET-Direito-UFPR-1.pdf\" class=\"wp-block-file__button wp-element-button\" download aria-describedby=\"wp-block-file--media-6f68d27f-2b0c-42e9-a00e-8183efe9ca59\">Baixar<\/a><\/div>\n","protected":false},"excerpt":{"rendered":"<p>APRESENTA\u00c7\u00c3O O Programa de Educa\u00e7\u00e3o Tutorial (PET) Direito da Universidade Federal do Paran\u00e1 tem como uma de suas principais atividades as Jornadas de Inicia\u00e7\u00e3o Cient\u00edfica, que, em 2025, alcan\u00e7aram sua 27\u00aa edi\u00e7\u00e3o. Ao longo dessas quase tr\u00eas d\u00e9cadas,&#8230; <a class=\"read-more\" href=\"https:\/\/petdireito.ufpr.br\/index.php\/xxvii-jornada-de-iniciacao-cientifica-do-pet-direito-ufpr\/\">Read More<\/a><\/p>\n","protected":false},"author":17,"featured_media":0,"parent":0,"menu_order":0,"comment_status":"closed","ping_status":"closed","template":"","meta":{"footnotes":""},"class_list":["post-1743","page","type-page","status-publish","hentry"],"_links":{"self":[{"href":"https:\/\/petdireito.ufpr.br\/index.php\/wp-json\/wp\/v2\/pages\/1743","targetHints":{"allow":["GET"]}}],"collection":[{"href":"https:\/\/petdireito.ufpr.br\/index.php\/wp-json\/wp\/v2\/pages"}],"about":[{"href":"https:\/\/petdireito.ufpr.br\/index.php\/wp-json\/wp\/v2\/types\/page"}],"author":[{"embeddable":true,"href":"https:\/\/petdireito.ufpr.br\/index.php\/wp-json\/wp\/v2\/users\/17"}],"replies":[{"embeddable":true,"href":"https:\/\/petdireito.ufpr.br\/index.php\/wp-json\/wp\/v2\/comments?post=1743"}],"version-history":[{"count":3,"href":"https:\/\/petdireito.ufpr.br\/index.php\/wp-json\/wp\/v2\/pages\/1743\/revisions"}],"predecessor-version":[{"id":1753,"href":"https:\/\/petdireito.ufpr.br\/index.php\/wp-json\/wp\/v2\/pages\/1743\/revisions\/1753"}],"wp:attachment":[{"href":"https:\/\/petdireito.ufpr.br\/index.php\/wp-json\/wp\/v2\/media?parent=1743"}],"curies":[{"name":"wp","href":"https:\/\/api.w.org\/{rel}","templated":true}]}}