{"id":214,"date":"2015-12-15T00:32:38","date_gmt":"2015-12-15T00:32:38","guid":{"rendered":"https:\/\/petdireito.ufpr.br\/?page_id=214"},"modified":"2015-12-15T00:32:38","modified_gmt":"2015-12-15T00:32:38","slug":"601-2","status":"publish","type":"page","link":"https:\/\/petdireito.ufpr.br\/index.php\/601-2\/","title":{"rendered":"Anais da XVII Jornada de Inicia\u00e7\u00e3o Cient\u00edfica. Vol. 1, n. 6. Curitiba, 2015, p. 2-25"},"content":{"rendered":"<hr \/>\n<p>&nbsp;<\/p>\n<p>[gview file=&#8221;https:\/\/petdireito.ufpr.br\/wp-content\/uploads\/2015\/12\/Anais-da-XVII-Jornada-de-Inicia\u00e7\u00e3o-Cient\u00edfica.-Vol.-1-n.-6.-Curitiba-2015-p.-26-50.pdf&#8221;]<\/p>\n<p>[wpdm_package id=&#8217;212&#8242;]<\/p>\n","protected":false},"excerpt":{"rendered":"<p>&nbsp; [gview file=&#8221;https:\/\/petdireito.ufpr.br\/wp-content\/uploads\/2015\/12\/Anais-da-XVII-Jornada-de-Inicia\u00e7\u00e3o-Cient\u00edfica.-Vol.-1-n.-6.-Curitiba-2015-p.-26-50.pdf&#8221;] [wpdm_package id=&#8217;212&#8242;]<\/p>\n","protected":false},"author":1,"featured_media":0,"parent":0,"menu_order":0,"comment_status":"closed","ping_status":"open","template":"","meta":{"footnotes":""},"class_list":["post-214","page","type-page","status-publish","hentry"],"_links":{"self":[{"href":"https:\/\/petdireito.ufpr.br\/index.php\/wp-json\/wp\/v2\/pages\/214","targetHints":{"allow":["GET"]}}],"collection":[{"href":"https:\/\/petdireito.ufpr.br\/index.php\/wp-json\/wp\/v2\/pages"}],"about":[{"href":"https:\/\/petdireito.ufpr.br\/index.php\/wp-json\/wp\/v2\/types\/page"}],"author":[{"embeddable":true,"href":"https:\/\/petdireito.ufpr.br\/index.php\/wp-json\/wp\/v2\/users\/1"}],"replies":[{"embeddable":true,"href":"https:\/\/petdireito.ufpr.br\/index.php\/wp-json\/wp\/v2\/comments?post=214"}],"version-history":[{"count":1,"href":"https:\/\/petdireito.ufpr.br\/index.php\/wp-json\/wp\/v2\/pages\/214\/revisions"}],"predecessor-version":[{"id":216,"href":"https:\/\/petdireito.ufpr.br\/index.php\/wp-json\/wp\/v2\/pages\/214\/revisions\/216"}],"wp:attachment":[{"href":"https:\/\/petdireito.ufpr.br\/index.php\/wp-json\/wp\/v2\/media?parent=214"}],"curies":[{"name":"wp","href":"https:\/\/api.w.org\/{rel}","templated":true}]}}