{"id":248,"date":"2015-12-15T01:57:08","date_gmt":"2015-12-15T01:57:08","guid":{"rendered":"https:\/\/petdireito.ufpr.br\/?page_id=248"},"modified":"2015-12-15T01:57:08","modified_gmt":"2015-12-15T01:57:08","slug":"601-8","status":"publish","type":"page","link":"https:\/\/petdireito.ufpr.br\/index.php\/601-8\/","title":{"rendered":"Anais da XVII Jornada de Inicia\u00e7\u00e3o Cient\u00edfica. Vol. 1, n. 6. Curitiba, 2015, p. 154"},"content":{"rendered":"<hr \/>\n<p>&nbsp;<\/p>\n<p>[gview file=&#8221;https:\/\/petdireito.ufpr.br\/wp-content\/uploads\/2015\/12\/Anais-da-XVII-Jornada-de-Inicia\u00e7\u00e3o-Cient\u00edfica.-Vol.-1-n.-6.-Curitiba-2015-p.-154.pdf&#8221;]<\/p>\n<p>[wpdm_package id=&#8217;246&#8242;]<\/p>\n","protected":false},"excerpt":{"rendered":"<p>&nbsp; [gview file=&#8221;https:\/\/petdireito.ufpr.br\/wp-content\/uploads\/2015\/12\/Anais-da-XVII-Jornada-de-Inicia\u00e7\u00e3o-Cient\u00edfica.-Vol.-1-n.-6.-Curitiba-2015-p.-154.pdf&#8221;] [wpdm_package id=&#8217;246&#8242;]<\/p>\n","protected":false},"author":1,"featured_media":0,"parent":0,"menu_order":0,"comment_status":"closed","ping_status":"open","template":"","meta":{"footnotes":""},"class_list":["post-248","page","type-page","status-publish","hentry"],"_links":{"self":[{"href":"https:\/\/petdireito.ufpr.br\/index.php\/wp-json\/wp\/v2\/pages\/248","targetHints":{"allow":["GET"]}}],"collection":[{"href":"https:\/\/petdireito.ufpr.br\/index.php\/wp-json\/wp\/v2\/pages"}],"about":[{"href":"https:\/\/petdireito.ufpr.br\/index.php\/wp-json\/wp\/v2\/types\/page"}],"author":[{"embeddable":true,"href":"https:\/\/petdireito.ufpr.br\/index.php\/wp-json\/wp\/v2\/users\/1"}],"replies":[{"embeddable":true,"href":"https:\/\/petdireito.ufpr.br\/index.php\/wp-json\/wp\/v2\/comments?post=248"}],"version-history":[{"count":1,"href":"https:\/\/petdireito.ufpr.br\/index.php\/wp-json\/wp\/v2\/pages\/248\/revisions"}],"predecessor-version":[{"id":250,"href":"https:\/\/petdireito.ufpr.br\/index.php\/wp-json\/wp\/v2\/pages\/248\/revisions\/250"}],"wp:attachment":[{"href":"https:\/\/petdireito.ufpr.br\/index.php\/wp-json\/wp\/v2\/media?parent=248"}],"curies":[{"name":"wp","href":"https:\/\/api.w.org\/{rel}","templated":true}]}}