{"id":269,"date":"2015-12-15T02:51:05","date_gmt":"2015-12-15T02:51:05","guid":{"rendered":"https:\/\/petdireito.ufpr.br\/?page_id=269"},"modified":"2015-12-15T02:51:49","modified_gmt":"2015-12-15T02:51:49","slug":"601-12","status":"publish","type":"page","link":"https:\/\/petdireito.ufpr.br\/index.php\/601-12\/","title":{"rendered":"Anais da XVII Jornada de Inicia\u00e7\u00e3o Cient\u00edfica. Vol. 1, n. 6. Curitiba, 2015, p. 158"},"content":{"rendered":"<hr \/>\n<p>[gview file=&#8221;https:\/\/petdireito.ufpr.br\/wp-content\/uploads\/2015\/12\/Anais-da-XVII-Jornada-de-Inicia\u00e7\u00e3o-Cient\u00edfica.-Vol.-1-n.-6.-Curitiba-2015-p.-158.pdf&#8221;]<\/p>\n<p>[wpdm_package id=&#8217;267&#8242;]<\/p>\n","protected":false},"excerpt":{"rendered":"<p>[gview file=&#8221;https:\/\/petdireito.ufpr.br\/wp-content\/uploads\/2015\/12\/Anais-da-XVII-Jornada-de-Inicia\u00e7\u00e3o-Cient\u00edfica.-Vol.-1-n.-6.-Curitiba-2015-p.-158.pdf&#8221;] [wpdm_package id=&#8217;267&#8242;]<\/p>\n","protected":false},"author":1,"featured_media":0,"parent":0,"menu_order":0,"comment_status":"closed","ping_status":"open","template":"","meta":{"footnotes":""},"class_list":["post-269","page","type-page","status-publish","hentry"],"_links":{"self":[{"href":"https:\/\/petdireito.ufpr.br\/index.php\/wp-json\/wp\/v2\/pages\/269","targetHints":{"allow":["GET"]}}],"collection":[{"href":"https:\/\/petdireito.ufpr.br\/index.php\/wp-json\/wp\/v2\/pages"}],"about":[{"href":"https:\/\/petdireito.ufpr.br\/index.php\/wp-json\/wp\/v2\/types\/page"}],"author":[{"embeddable":true,"href":"https:\/\/petdireito.ufpr.br\/index.php\/wp-json\/wp\/v2\/users\/1"}],"replies":[{"embeddable":true,"href":"https:\/\/petdireito.ufpr.br\/index.php\/wp-json\/wp\/v2\/comments?post=269"}],"version-history":[{"count":2,"href":"https:\/\/petdireito.ufpr.br\/index.php\/wp-json\/wp\/v2\/pages\/269\/revisions"}],"predecessor-version":[{"id":272,"href":"https:\/\/petdireito.ufpr.br\/index.php\/wp-json\/wp\/v2\/pages\/269\/revisions\/272"}],"wp:attachment":[{"href":"https:\/\/petdireito.ufpr.br\/index.php\/wp-json\/wp\/v2\/media?parent=269"}],"curies":[{"name":"wp","href":"https:\/\/api.w.org\/{rel}","templated":true}]}}