{"id":429,"date":"2016-12-08T00:06:11","date_gmt":"2016-12-08T00:06:11","guid":{"rendered":"https:\/\/petdireito.ufpr.br\/?page_id=429"},"modified":"2016-12-09T12:07:48","modified_gmt":"2016-12-09T12:07:48","slug":"20160704-2","status":"publish","type":"page","link":"https:\/\/petdireito.ufpr.br\/index.php\/20160704-2\/","title":{"rendered":"Anais da XVIII Jornada de Inicia\u00e7\u00e3o Cient\u00edfica, Curitiba, v. 1, n. 7, p. 71, 2016"},"content":{"rendered":"<hr \/>\n<p>[gview file=&#8221;https:\/\/petdireito.ufpr.br\/wp-content\/uploads\/2016\/12\/Anais-da-XVIII-Jornada-de-Inicia\u00e7\u00e3o-Cient\u00edfica-Curitiba-v.-1-n.-7-p.-71-2016.pdf&#8221;]<\/p>\n<p>[wpdm_package id=&#8217;432&#8242;]<\/p>\n","protected":false},"excerpt":{"rendered":"<p>[gview file=&#8221;https:\/\/petdireito.ufpr.br\/wp-content\/uploads\/2016\/12\/Anais-da-XVIII-Jornada-de-Inicia\u00e7\u00e3o-Cient\u00edfica-Curitiba-v.-1-n.-7-p.-71-2016.pdf&#8221;] [wpdm_package id=&#8217;432&#8242;]<\/p>\n","protected":false},"author":1,"featured_media":0,"parent":0,"menu_order":0,"comment_status":"closed","ping_status":"open","template":"","meta":{"footnotes":""},"class_list":["post-429","page","type-page","status-publish","hentry"],"_links":{"self":[{"href":"https:\/\/petdireito.ufpr.br\/index.php\/wp-json\/wp\/v2\/pages\/429","targetHints":{"allow":["GET"]}}],"collection":[{"href":"https:\/\/petdireito.ufpr.br\/index.php\/wp-json\/wp\/v2\/pages"}],"about":[{"href":"https:\/\/petdireito.ufpr.br\/index.php\/wp-json\/wp\/v2\/types\/page"}],"author":[{"embeddable":true,"href":"https:\/\/petdireito.ufpr.br\/index.php\/wp-json\/wp\/v2\/users\/1"}],"replies":[{"embeddable":true,"href":"https:\/\/petdireito.ufpr.br\/index.php\/wp-json\/wp\/v2\/comments?post=429"}],"version-history":[{"count":4,"href":"https:\/\/petdireito.ufpr.br\/index.php\/wp-json\/wp\/v2\/pages\/429\/revisions"}],"predecessor-version":[{"id":548,"href":"https:\/\/petdireito.ufpr.br\/index.php\/wp-json\/wp\/v2\/pages\/429\/revisions\/548"}],"wp:attachment":[{"href":"https:\/\/petdireito.ufpr.br\/index.php\/wp-json\/wp\/v2\/media?parent=429"}],"curies":[{"name":"wp","href":"https:\/\/api.w.org\/{rel}","templated":true}]}}