{"id":460,"date":"2016-12-08T18:29:46","date_gmt":"2016-12-08T18:29:46","guid":{"rendered":"https:\/\/petdireito.ufpr.br\/?page_id=460"},"modified":"2016-12-09T12:01:09","modified_gmt":"2016-12-09T12:01:09","slug":"20160709-2","status":"publish","type":"page","link":"https:\/\/petdireito.ufpr.br\/index.php\/20160709-2\/","title":{"rendered":"Anais da XVIII Jornada de Inicia\u00e7\u00e3o Cient\u00edfica, Curitiba, v. 1, n. 7, p. 142, 2016"},"content":{"rendered":"<hr \/>\n<p>[gview file=&#8221;https:\/\/petdireito.ufpr.br\/wp-content\/uploads\/2016\/12\/Anais-da-XVIII-Jornada-de-Inicia\u00e7\u00e3o-Cient\u00edfica-Curitiba-v.-1-n.-7-p.-142-2016.pdf&#8221;]<\/p>\n<p>[wpdm_package id=&#8217;462&#8242;]<\/p>\n","protected":false},"excerpt":{"rendered":"<p>[gview file=&#8221;https:\/\/petdireito.ufpr.br\/wp-content\/uploads\/2016\/12\/Anais-da-XVIII-Jornada-de-Inicia\u00e7\u00e3o-Cient\u00edfica-Curitiba-v.-1-n.-7-p.-142-2016.pdf&#8221;] [wpdm_package id=&#8217;462&#8242;]<\/p>\n","protected":false},"author":1,"featured_media":0,"parent":0,"menu_order":0,"comment_status":"closed","ping_status":"open","template":"","meta":{"footnotes":""},"class_list":["post-460","page","type-page","status-publish","hentry"],"_links":{"self":[{"href":"https:\/\/petdireito.ufpr.br\/index.php\/wp-json\/wp\/v2\/pages\/460","targetHints":{"allow":["GET"]}}],"collection":[{"href":"https:\/\/petdireito.ufpr.br\/index.php\/wp-json\/wp\/v2\/pages"}],"about":[{"href":"https:\/\/petdireito.ufpr.br\/index.php\/wp-json\/wp\/v2\/types\/page"}],"author":[{"embeddable":true,"href":"https:\/\/petdireito.ufpr.br\/index.php\/wp-json\/wp\/v2\/users\/1"}],"replies":[{"embeddable":true,"href":"https:\/\/petdireito.ufpr.br\/index.php\/wp-json\/wp\/v2\/comments?post=460"}],"version-history":[{"count":2,"href":"https:\/\/petdireito.ufpr.br\/index.php\/wp-json\/wp\/v2\/pages\/460\/revisions"}],"predecessor-version":[{"id":520,"href":"https:\/\/petdireito.ufpr.br\/index.php\/wp-json\/wp\/v2\/pages\/460\/revisions\/520"}],"wp:attachment":[{"href":"https:\/\/petdireito.ufpr.br\/index.php\/wp-json\/wp\/v2\/media?parent=460"}],"curies":[{"name":"wp","href":"https:\/\/api.w.org\/{rel}","templated":true}]}}