{"id":475,"date":"2016-12-08T18:54:59","date_gmt":"2016-12-08T18:54:59","guid":{"rendered":"https:\/\/petdireito.ufpr.br\/?page_id=475"},"modified":"2016-12-09T12:02:48","modified_gmt":"2016-12-09T12:02:48","slug":"20160712-2","status":"publish","type":"page","link":"https:\/\/petdireito.ufpr.br\/index.php\/20160712-2\/","title":{"rendered":"Anais da XVIII Jornada de Inicia\u00e7\u00e3o Cient\u00edfica, Curitiba, v. 1, n. 7, p. 145-163, 2016"},"content":{"rendered":"<hr \/>\n<p>[gview file=&#8221;https:\/\/petdireito.ufpr.br\/wp-content\/uploads\/2016\/12\/Anais-da-XVIII-Jornada-de-Inicia\u00e7\u00e3o-Cient\u00edfica-Curitiba-v.-1-n.-7-p.-145-163-2016.pdf&#8221;]<\/p>\n<p>[wpdm_package id=&#8217;477&#8242;]<\/p>\n","protected":false},"excerpt":{"rendered":"<p>[gview file=&#8221;https:\/\/petdireito.ufpr.br\/wp-content\/uploads\/2016\/12\/Anais-da-XVIII-Jornada-de-Inicia\u00e7\u00e3o-Cient\u00edfica-Curitiba-v.-1-n.-7-p.-145-163-2016.pdf&#8221;] [wpdm_package id=&#8217;477&#8242;]<\/p>\n","protected":false},"author":1,"featured_media":0,"parent":0,"menu_order":0,"comment_status":"closed","ping_status":"open","template":"","meta":{"footnotes":""},"class_list":["post-475","page","type-page","status-publish","hentry"],"_links":{"self":[{"href":"https:\/\/petdireito.ufpr.br\/index.php\/wp-json\/wp\/v2\/pages\/475","targetHints":{"allow":["GET"]}}],"collection":[{"href":"https:\/\/petdireito.ufpr.br\/index.php\/wp-json\/wp\/v2\/pages"}],"about":[{"href":"https:\/\/petdireito.ufpr.br\/index.php\/wp-json\/wp\/v2\/types\/page"}],"author":[{"embeddable":true,"href":"https:\/\/petdireito.ufpr.br\/index.php\/wp-json\/wp\/v2\/users\/1"}],"replies":[{"embeddable":true,"href":"https:\/\/petdireito.ufpr.br\/index.php\/wp-json\/wp\/v2\/comments?post=475"}],"version-history":[{"count":2,"href":"https:\/\/petdireito.ufpr.br\/index.php\/wp-json\/wp\/v2\/pages\/475\/revisions"}],"predecessor-version":[{"id":528,"href":"https:\/\/petdireito.ufpr.br\/index.php\/wp-json\/wp\/v2\/pages\/475\/revisions\/528"}],"wp:attachment":[{"href":"https:\/\/petdireito.ufpr.br\/index.php\/wp-json\/wp\/v2\/media?parent=475"}],"curies":[{"name":"wp","href":"https:\/\/api.w.org\/{rel}","templated":true}]}}