{"id":664,"date":"2018-09-17T02:28:56","date_gmt":"2018-09-17T02:28:56","guid":{"rendered":"https:\/\/petdireito.ufpr.br\/?page_id=664"},"modified":"2018-09-17T02:28:56","modified_gmt":"2018-09-17T02:28:56","slug":"anais-da-xix-jornada-de-iniciacao-cientifica-curitiba-v-1-n-8-p-140-2017","status":"publish","type":"page","link":"https:\/\/petdireito.ufpr.br\/index.php\/anais-da-xix-jornada-de-iniciacao-cientifica-curitiba-v-1-n-8-p-140-2017\/","title":{"rendered":"Anais da XIX Jornada de Inicia\u00e7\u00e3o Cient\u00edfica, Curitiba, v.1, n. 8, p. 140, 2017."},"content":{"rendered":"<p>[gview file=&#8221;https:\/\/petdireito.ufpr.br\/wp-content\/uploads\/2018\/09\/DE8-Queiroz.pdf&#8221;]<\/p>\n","protected":false},"excerpt":{"rendered":"<p>[gview file=&#8221;https:\/\/petdireito.ufpr.br\/wp-content\/uploads\/2018\/09\/DE8-Queiroz.pdf&#8221;]<\/p>\n","protected":false},"author":1,"featured_media":0,"parent":0,"menu_order":0,"comment_status":"closed","ping_status":"open","template":"","meta":{"footnotes":""},"class_list":["post-664","page","type-page","status-publish","hentry"],"_links":{"self":[{"href":"https:\/\/petdireito.ufpr.br\/index.php\/wp-json\/wp\/v2\/pages\/664","targetHints":{"allow":["GET"]}}],"collection":[{"href":"https:\/\/petdireito.ufpr.br\/index.php\/wp-json\/wp\/v2\/pages"}],"about":[{"href":"https:\/\/petdireito.ufpr.br\/index.php\/wp-json\/wp\/v2\/types\/page"}],"author":[{"embeddable":true,"href":"https:\/\/petdireito.ufpr.br\/index.php\/wp-json\/wp\/v2\/users\/1"}],"replies":[{"embeddable":true,"href":"https:\/\/petdireito.ufpr.br\/index.php\/wp-json\/wp\/v2\/comments?post=664"}],"version-history":[{"count":1,"href":"https:\/\/petdireito.ufpr.br\/index.php\/wp-json\/wp\/v2\/pages\/664\/revisions"}],"predecessor-version":[{"id":665,"href":"https:\/\/petdireito.ufpr.br\/index.php\/wp-json\/wp\/v2\/pages\/664\/revisions\/665"}],"wp:attachment":[{"href":"https:\/\/petdireito.ufpr.br\/index.php\/wp-json\/wp\/v2\/media?parent=664"}],"curies":[{"name":"wp","href":"https:\/\/api.w.org\/{rel}","templated":true}]}}