{"id":758,"date":"2019-04-27T23:18:34","date_gmt":"2019-04-27T23:18:34","guid":{"rendered":"https:\/\/petdireito.ufpr.br\/?page_id=758"},"modified":"2019-04-27T23:18:34","modified_gmt":"2019-04-27T23:18:34","slug":"livro-direito-autoridade-e-alteridade-2017","status":"publish","type":"page","link":"https:\/\/petdireito.ufpr.br\/index.php\/livro-direito-autoridade-e-alteridade-2017\/","title":{"rendered":"Livro: Direito, autoridade e alteridade (2017)"},"content":{"rendered":"<p><strong>[gview file=&#8221;https:\/\/petdireito.ufpr.br\/wp-content\/uploads\/2019\/04\/Capa-do-livro_-Direito-autoridade-e-alteridade-2017.pdf&#8221;]<\/strong><\/p>\n<p><strong>Tutora do Grupo PET-Direito:<\/strong>\u00a0<a href=\"http:\/\/lattes.cnpq.br\/7098767645536830\" target=\"_blank\">Eneida Desiree Salgado<\/a><\/p>\n<hr \/>\n<p><strong>Organiza\u00e7\u00e3o:<\/strong>\u00a0Grupo PET-Direito<\/p>\n<hr \/>\n<p><strong>Apresenta\u00e7\u00e3o\u00a0da Professora Tutora:<\/strong><\/p>\n<p>A ideia de ensino superior e de universidade \u00e9 bastante ambiciosa. Mais do que forma[ta]r profissionais, o escopo \u00e9 propiciar um ambiente de discuss\u00e3o, de debates, de intera\u00e7\u00e3o com a sociedade, de pesquisa, de constru\u00e7\u00e3o do conhecimento, de conscientiza\u00e7\u00e3o pol\u00edtica, de engajamento. Um de seus espa\u00e7os \u00e9 o Programa de Educa\u00e7\u00e3o Tutorial, destinado especificamente ao desenvolvimento das potencialidades acad\u00eamicas dos estudantes de gradua\u00e7\u00e3o, programa do Minist\u00e9rio da Educa\u00e7\u00e3o que existe na Faculdade de Direito da Universidade Federal do Paran\u00e1 desde a d\u00e9cada de 1980.<\/p>\n<p>Em 2016, o tema do PET\/Direito da UFPR foi \u201cDireito, alteridade e autoridade\u201d. A proposta era trazer para a arena da pesquisa jur\u00eddica outros pontos de vista, outros lugares, tratando de uma perspectiva normalmente ignorada pelos estudos jur\u00eddicos. Para tanto, iniciamos com a leitura de 1492: o encobrimento do outro: a origem do mito da modernidade, de Enrique Dussel, e desde esse lugar de des\/encobrimento passamos a nos preocupar com as nega\u00e7\u00f5es do campo do Direito.<\/p>\n<p>Discutimos os livros de Marjane Satrapi (Persepolis) e Carolina Maria de Jesus (Quarto de despejo: o di\u00e1rio de uma favelada), organizamos encontros do grupo de estudos com a an\u00e1lise de decis\u00f5es do Supremo Tribunal Federal sobre a execu\u00e7\u00e3o provis\u00f3ria de pena sem tr\u00e2nsito em julgado da senten\u00e7a condenat\u00f3ria, a uni\u00e3o homoafetiva, a demarca\u00e7\u00e3o de terras ind\u00edgenas e as cotas nas universidades p\u00fablicas, e ainda fizemos um debate sobre trechos de tr\u00eas filmes \u2013 Babel, Cinco C\u00e2meras Quebradas e Tambi\u00e9n la lluvia \u2013 com a participa\u00e7\u00e3o de professores externos e sempre abertos ao p\u00fablico.<\/p>\n<p>Al\u00e9m das atividades de ensino e extens\u00e3o, foi realizada uma pesquisa coletiva sobre o tema, condensada neste livro. A ambi\u00e7\u00e3o \u00e9 explicitar algumas alteridades negadas pelo Direito, ainda que n\u00e3o se encontrem aqui as vozes caladas pela institucionalidade totalizante. A experi\u00eancia normativa boliviana de inclus\u00e3o dos povos origin\u00e1rios, a quest\u00e3o da demarca\u00e7\u00e3o das terras ind\u00edgenas, o lugar da mulher no programa de distribui\u00e7\u00e3o de renda, o tratamento aos viciados em crack, o processo penal que nega os direitos do \u201cinimigo\u201d, o direito dos internos nos estabelecimentos prisionais e a leitura do Supremo Tribunal Federal sobre o Direito e o outro foram os temas escolhidos pelos integrantes do grupo para evidenciarem a cotidiana nega\u00e7\u00e3o do Direito \u00e0queles que n\u00e3o se integram em sua universalidade.<\/p>\n<p>Falamos de alteridade sem tomar a voz do Outro, ainda que n\u00e3o tenhamos como incluir o Outro em nossa fala. Trata-se de jogar luz sobre os discursos do Direito, para evidenciar sua insufici\u00eancia e sua incapacidade de dar conta daquilo que escapa de sua normaliza\u00e7\u00e3o. A publica\u00e7\u00e3o serve (espera-se) para provocar esses olhares e impulsionar novas abordagens, novos institutos, novos desenhos institucionais. Fica o convite \u00e0 reflex\u00e3o.<\/p>\n<p><strong>Acesse a obra neste\u00a0<a href=\"https:\/\/drive.google.com\/file\/d\/1Z8uy9Yy40U9jk9P8jBS4Da71uCw4jl-B\/view?usp=sharing\">link<\/a>.<\/strong><\/p>\n","protected":false},"excerpt":{"rendered":"<p>[gview file=&#8221;https:\/\/petdireito.ufpr.br\/wp-content\/uploads\/2019\/04\/Capa-do-livro_-Direito-autoridade-e-alteridade-2017.pdf&#8221;] Tutora do Grupo PET-Direito:\u00a0Eneida Desiree Salgado Organiza\u00e7\u00e3o:\u00a0Grupo PET-Direito Apresenta\u00e7\u00e3o\u00a0da Professora Tutora: A ideia de ensino superior e de universidade \u00e9 bastante ambiciosa. Mais do que forma[ta]r profissionais, o escopo \u00e9 propiciar um ambiente de discuss\u00e3o, de&#8230; <a class=\"read-more\" href=\"https:\/\/petdireito.ufpr.br\/index.php\/livro-direito-autoridade-e-alteridade-2017\/\">Read More<\/a><\/p>\n","protected":false},"author":1,"featured_media":0,"parent":0,"menu_order":0,"comment_status":"closed","ping_status":"open","template":"","meta":{"footnotes":""},"class_list":["post-758","page","type-page","status-publish","hentry"],"_links":{"self":[{"href":"https:\/\/petdireito.ufpr.br\/index.php\/wp-json\/wp\/v2\/pages\/758","targetHints":{"allow":["GET"]}}],"collection":[{"href":"https:\/\/petdireito.ufpr.br\/index.php\/wp-json\/wp\/v2\/pages"}],"about":[{"href":"https:\/\/petdireito.ufpr.br\/index.php\/wp-json\/wp\/v2\/types\/page"}],"author":[{"embeddable":true,"href":"https:\/\/petdireito.ufpr.br\/index.php\/wp-json\/wp\/v2\/users\/1"}],"replies":[{"embeddable":true,"href":"https:\/\/petdireito.ufpr.br\/index.php\/wp-json\/wp\/v2\/comments?post=758"}],"version-history":[{"count":3,"href":"https:\/\/petdireito.ufpr.br\/index.php\/wp-json\/wp\/v2\/pages\/758\/revisions"}],"predecessor-version":[{"id":762,"href":"https:\/\/petdireito.ufpr.br\/index.php\/wp-json\/wp\/v2\/pages\/758\/revisions\/762"}],"wp:attachment":[{"href":"https:\/\/petdireito.ufpr.br\/index.php\/wp-json\/wp\/v2\/media?parent=758"}],"curies":[{"name":"wp","href":"https:\/\/api.w.org\/{rel}","templated":true}]}}