{"id":764,"date":"2019-04-27T23:19:17","date_gmt":"2019-04-27T23:19:17","guid":{"rendered":"https:\/\/petdireito.ufpr.br\/?page_id=764"},"modified":"2019-04-27T23:19:17","modified_gmt":"2019-04-27T23:19:17","slug":"livro-direito-tecnologia-e-controle-2018","status":"publish","type":"page","link":"https:\/\/petdireito.ufpr.br\/index.php\/livro-direito-tecnologia-e-controle-2018\/","title":{"rendered":"Livro: Direito, tecnologia e controle (2018)"},"content":{"rendered":"<p><strong>[gview file=&#8221;https:\/\/petdireito.ufpr.br\/wp-content\/uploads\/2019\/04\/Capa-do-livro_-Direito-tecnologia-e-controle-2018.pdf&#8221;]<\/strong><\/p>\n<p><strong>Tutora do Grupo PET-Direito<\/strong>:\u00a0<a href=\"http:\/\/lattes.cnpq.br\/7098767645536830\" target=\"_blank\">Eneida Desiree Salgado<\/a><\/p>\n<hr \/>\n<p><strong>Organiza\u00e7\u00e3o:<\/strong>\u00a0Grupo PET-Direito<\/p>\n<hr \/>\n<p><strong>Apresenta\u00e7\u00e3o\u00a0da Professora Tutora:<\/strong><\/p>\n<p>A arte do s\u00e9culo XX nos preparou para um terceiro mil\u00eanio muito diferente. Seja de maneira positiva, com viagens a outros planetas e viagens no tempo, com a solu\u00e7\u00e3o do problema dos transportes e com sociedades desenvolvidas, seja de maneira negativa, um futuro sem \u00e1gua, de pura viol\u00eancia ou com o dom\u00ednio de replicantes, de intelig\u00eancia artificial, 2000 chegou e foi um pouco frustrante. N\u00e3o houve grandes transforma\u00e7\u00f5es nas rela\u00e7\u00f5es sociais e nem o tal do bug do mil\u00eanio. Terminou o s\u00e9culo, 2001 come\u00e7ou e a sensa\u00e7\u00e3o de progresso e desenvolvimento era mais derivada da esperan\u00e7a que da percep\u00e7\u00e3o. Tudo parecia como antes &#8211; at\u00e9 mesmo o curr\u00edculo das faculdades de Direito.<\/p>\n<p>A tecnologia, no entanto, na segunda d\u00e9cada do s\u00e9culo XXI, tem desafiado a teoria e a dogm\u00e1tica jur\u00eddica. Pensar o Direito do Estado como uma forma de controlar e de fazer agir o Estado para proteger as liberdades parece cada dia mais insuficiente. A prote\u00e7\u00e3o dos dados pessoais, a no\u00e7\u00e3o de privacidade, os dispositivos de controle est\u00e3o cada vez mais refrat\u00e1rios \u00e0s categorias jur\u00eddicas. 1984 \u00e9 real, o Grande Irm\u00e3o (ou Uncle) tudo v\u00ea. Ao mesmo tempo, distopias como Fahrenheit 451 e O Conto da Aia est\u00e3o cada vez mais plaus\u00edveis em face dos discursos de retrocesso de direitos fundamentais. Preocupa\u00e7\u00f5es variadas no horizonte da cidadania e das e dos juristas, que nem sempre trazem respostas alentadoras.<\/p>\n<p>No ano de 2017, o PET\/Direito da Universidade Federal do Paran\u00e1 deliberou e conjuntamente decidiu pesquisar sobre tecnologia, tecnologias e controle. Esse grupo, vinculado ao Programa de Educa\u00e7\u00e3o Tutorial e formado por acad\u00eamicas e acad\u00eamicos do 2\u00ba ao 5\u00ba ano, direcionou suas a\u00e7\u00f5es para esse tema. Assistimos e discutimos os seriados Bla- ck Mirror e WestWorld; lemos e debatemos Neuromancer, de W. Gibson; tratamos de redes sociais e seus bloqueios, de bio\u00e9tica e de intelig\u00eancia artificial. Al\u00e9m disso, desenvolvemos pesquisas diversas sobre a tem\u00e1tica.<\/p>\n<p>Pelo terceiro ano consecutivo, o PET\/Direito publica suas pesquisas coletivas para registrar sua produ\u00e7\u00e3o acad\u00eamica. H\u00e1 estudos sobre a apropria\u00e7\u00e3o do espa\u00e7o ultra- terrestre, sobre o vazamento de informa\u00e7\u00f5es pela internet como controle do poder e como dimens\u00e3o do direito democr\u00e1tico \u00e0 informa\u00e7\u00e3o, sobre a intelig\u00eancia artificial no \u00e2mbito das decis\u00f5es judiciais, sobre a guerra tecnol\u00f3gica por drones, sobre as potencialidades democr\u00e1ticas da tecnologia \u2013 pela e-democracy e pela influ\u00eancia das novas m\u00eddias na decis\u00e3o do eleitorado \u2013, sobre o promissor uso da tecnologia para controlar prazos de pris\u00f5es provis\u00f3rias e sobre o car\u00e1ter tamb\u00e9m excludente do mundo digital.<\/p>\n<p>Mais do que solu\u00e7\u00f5es, os artigos aqui publicados apresentam temas que exigem reflex\u00e3o. Seja um problema relacionado com os direitos de liberdade, seja tratando de guerra e de controle dos agentes p\u00fablicos, seja provocando uma mirada a velhas promessas\u00a0democr\u00e1ticas e suas concretiza\u00e7\u00f5es pela via de solu\u00e7\u00f5es tecnol\u00f3gicas, a pesquisa parte do Direito, mas flerta fortemente com a filosofia e a sociologia. Os assuntos n\u00e3o s\u00e3o novos, mas a abordagem o \u00e9.<\/p>\n<p>A publica\u00e7\u00e3o reflete, ainda, uma das dimens\u00f5es do Programa de Educa\u00e7\u00e3o Tutorial: proporcionar o desenvolvimento de potencialidades acad\u00eamicas em estudantes de gradua\u00e7\u00e3o, intensificando o papel da Universidade na discuss\u00e3o, na delibera\u00e7\u00e3o e na constru\u00e7\u00e3o de argumentos, na consci\u00eancia cr\u00edtica e do engajamento social.<\/p>\n<p>Esperamos que as pesquisas provoquem novos olhares, novas preocupa\u00e7\u00f5es, novas intui\u00e7\u00f5es e novas respostas, em busca de uma liberdade igualit\u00e1ria e de um desenvolvimento cidad\u00e3o.<\/p>\n<p><strong>Acesse a obra neste\u00a0<a href=\"https:\/\/drive.google.com\/file\/d\/1IywDHWiyTkgjGIgumNKSZigdZyaYmy95\/view?usp=sharing\">link<\/a>.<\/strong><\/p>\n","protected":false},"excerpt":{"rendered":"<p>[gview file=&#8221;https:\/\/petdireito.ufpr.br\/wp-content\/uploads\/2019\/04\/Capa-do-livro_-Direito-tecnologia-e-controle-2018.pdf&#8221;] Tutora do Grupo PET-Direito:\u00a0Eneida Desiree Salgado Organiza\u00e7\u00e3o:\u00a0Grupo PET-Direito Apresenta\u00e7\u00e3o\u00a0da Professora Tutora: A arte do s\u00e9culo XX nos preparou para um terceiro mil\u00eanio muito diferente. Seja de maneira positiva, com viagens a outros planetas e viagens no&#8230; <a class=\"read-more\" href=\"https:\/\/petdireito.ufpr.br\/index.php\/livro-direito-tecnologia-e-controle-2018\/\">Read More<\/a><\/p>\n","protected":false},"author":1,"featured_media":0,"parent":0,"menu_order":0,"comment_status":"closed","ping_status":"open","template":"","meta":{"footnotes":""},"class_list":["post-764","page","type-page","status-publish","hentry"],"_links":{"self":[{"href":"https:\/\/petdireito.ufpr.br\/index.php\/wp-json\/wp\/v2\/pages\/764","targetHints":{"allow":["GET"]}}],"collection":[{"href":"https:\/\/petdireito.ufpr.br\/index.php\/wp-json\/wp\/v2\/pages"}],"about":[{"href":"https:\/\/petdireito.ufpr.br\/index.php\/wp-json\/wp\/v2\/types\/page"}],"author":[{"embeddable":true,"href":"https:\/\/petdireito.ufpr.br\/index.php\/wp-json\/wp\/v2\/users\/1"}],"replies":[{"embeddable":true,"href":"https:\/\/petdireito.ufpr.br\/index.php\/wp-json\/wp\/v2\/comments?post=764"}],"version-history":[{"count":2,"href":"https:\/\/petdireito.ufpr.br\/index.php\/wp-json\/wp\/v2\/pages\/764\/revisions"}],"predecessor-version":[{"id":767,"href":"https:\/\/petdireito.ufpr.br\/index.php\/wp-json\/wp\/v2\/pages\/764\/revisions\/767"}],"wp:attachment":[{"href":"https:\/\/petdireito.ufpr.br\/index.php\/wp-json\/wp\/v2\/media?parent=764"}],"curies":[{"name":"wp","href":"https:\/\/api.w.org\/{rel}","templated":true}]}}