{"id":777,"date":"2019-04-28T16:33:43","date_gmt":"2019-04-28T16:33:43","guid":{"rendered":"https:\/\/petdireito.ufpr.br\/?page_id=777"},"modified":"2019-04-28T16:33:43","modified_gmt":"2019-04-28T16:33:43","slug":"livro-constituicao-texto-e-contexto-30-anos-depois-2019","status":"publish","type":"page","link":"https:\/\/petdireito.ufpr.br\/index.php\/livro-constituicao-texto-e-contexto-30-anos-depois-2019\/","title":{"rendered":"Livro: Constitui\u00e7\u00e3o, texto e contexto: 30 anos depois (2019)"},"content":{"rendered":"<p><strong>[gview file=&#8221;https:\/\/petdireito.ufpr.br\/wp-content\/uploads\/2019\/04\/Capa-do-livro_-Constitui\u00e7\u00e3o-texto-e-contexto_-30-anos-depois-2019.pdf&#8221;]<\/strong><\/p>\n<p><strong>Tutora do Grupo PET-Direito<\/strong>:\u00a0<a href=\"http:\/\/lattes.cnpq.br\/7098767645536830\" target=\"_blank\">Eneida Desiree Salgado<\/a><\/p>\n<hr \/>\n<p><strong>Organiza\u00e7\u00e3o:<\/strong>\u00a0Grupo PET-Direito<\/p>\n<hr \/>\n<p><strong>Apresenta\u00e7\u00e3o\u00a0da Professora Tutora:<\/strong><\/p>\n<p>A universidade \u00e9 o lugar de produ\u00e7\u00e3o do conhecimento, do fazer ci\u00eancia, do questionar o tido como certo. Lugar do pluralismo de ideias e ideologias, do pensar e repensar, do refletir, reavaliar e propor, de arriscar, a universidade p\u00fablica deve dar publicidade as suas pesquisas, aos resultados de suas investiga\u00e7\u00f5es, ao seu constante desconstruir e reconstruir.<\/p>\n<p>Se nos Programas de P\u00f3s-Gradua\u00e7\u00e3o a discuss\u00e3o e a publica\u00e7\u00e3o das pesquisas s\u00e3o mais frequentes, os trabalhos em n\u00edvel de gradua\u00e7\u00e3o come\u00e7am a encontrar seu espa\u00e7o. As jornadas de inicia\u00e7\u00e3o cient\u00edfica, as semanas de ensino, pesquisa e extens\u00e3o, os congressos, especialmente voltados para a gradua\u00e7\u00e3o ou que aceitam artigos e comunicados de graduandos, permitem que jovens pesquisadoras apresentem os frutos de meses ou anos de dedica\u00e7\u00e3o acad\u00eamica. Nesse \u00e2mbito, o Programa de Educa\u00e7\u00e3o Tutorial \u00e9 um espa\u00e7o privilegiado. Combinando ensino, pesquisa e extens\u00e3o, o Programa vem desenvolvendo potencialidades e promovendo a melhoria da qualidade do ensino superior a partir de atividades protagonizadas por graduandos.<\/p>\n<p>O PET Direito UFPR existe desde a d\u00e9cada de 1980, combinando atividades de ensino, de extens\u00e3o e de pesquisa. Em 2018, os 30 anos de vig\u00eancia da Constitui\u00e7\u00e3o foram lembrados no grupo de estudos, no Pet na Pra\u00e7a com a palestra cantada da Luciana Worms sobre hist\u00f3ria do Brasil PET, no PET Literatura e a discuss\u00e3o do texto \u201cLiberdade, liberdade\u201d de Flavio Rangel e Millor Fernandes com Leandro Gosdorf, em di\u00e1logos com outros PETs.<\/p>\n<p>Para a pesquisa coletiva, publicada desde 2015 em forma de colet\u00e2nea de artigos, o recorte foi analisar a Constitui\u00e7\u00e3o depois de tr\u00eas d\u00e9cadas considerando o seu texto e seu contexto. O que restou de seus anseios, o uso que se fez de alguns de seus institutos, a continuidade da disputa pol\u00edtica e jur\u00eddica do projeto de na\u00e7\u00e3o. Cada t\u00edtulo da Constitui\u00e7\u00e3o encontra aqui uma an\u00e1lise. Trata-se, por \u00f3bvio, de escolhas relativamente arbitr\u00e1rias: outros poderiam ter sido\u00a0os artigos constitucionais considerados e diversos os enfoques. \u00c9 uma leitura poss\u00edvel, dentro da pluralidade de vis\u00f5es e an\u00e1lises da Constitui\u00e7\u00e3o e de sua (in) efetividade nesses anos todos.<\/p>\n<p>Com esse quarto livro do grupo, o PET Direito vem mostrar a que veio a pesquisa na gradua\u00e7\u00e3o: leituras corajosas e inovadoras de temas que desafiam a comunidade, dentro e fora do mundo jur\u00eddico. Mais um tijolo na constru\u00e7\u00e3o do projeto democr\u00e1tico brasileiro.<\/p>\n<p><strong>Acesse a obra neste\u00a0<a href=\"https:\/\/drive.google.com\/file\/d\/1uDNFdtu9F_aAWxEgj7jWK5fFF_4VxNhJ\/view?usp=sharing\">link<\/a>.<\/strong><\/p>\n","protected":false},"excerpt":{"rendered":"<p>[gview file=&#8221;https:\/\/petdireito.ufpr.br\/wp-content\/uploads\/2019\/04\/Capa-do-livro_-Constitui\u00e7\u00e3o-texto-e-contexto_-30-anos-depois-2019.pdf&#8221;] Tutora do Grupo PET-Direito:\u00a0Eneida Desiree Salgado Organiza\u00e7\u00e3o:\u00a0Grupo PET-Direito Apresenta\u00e7\u00e3o\u00a0da Professora Tutora: A universidade \u00e9 o lugar de produ\u00e7\u00e3o do conhecimento, do fazer ci\u00eancia, do questionar o tido como certo. Lugar do pluralismo de ideias e ideologias,&#8230; <a class=\"read-more\" href=\"https:\/\/petdireito.ufpr.br\/index.php\/livro-constituicao-texto-e-contexto-30-anos-depois-2019\/\">Read More<\/a><\/p>\n","protected":false},"author":1,"featured_media":0,"parent":0,"menu_order":0,"comment_status":"closed","ping_status":"open","template":"","meta":{"footnotes":""},"class_list":["post-777","page","type-page","status-publish","hentry"],"_links":{"self":[{"href":"https:\/\/petdireito.ufpr.br\/index.php\/wp-json\/wp\/v2\/pages\/777","targetHints":{"allow":["GET"]}}],"collection":[{"href":"https:\/\/petdireito.ufpr.br\/index.php\/wp-json\/wp\/v2\/pages"}],"about":[{"href":"https:\/\/petdireito.ufpr.br\/index.php\/wp-json\/wp\/v2\/types\/page"}],"author":[{"embeddable":true,"href":"https:\/\/petdireito.ufpr.br\/index.php\/wp-json\/wp\/v2\/users\/1"}],"replies":[{"embeddable":true,"href":"https:\/\/petdireito.ufpr.br\/index.php\/wp-json\/wp\/v2\/comments?post=777"}],"version-history":[{"count":1,"href":"https:\/\/petdireito.ufpr.br\/index.php\/wp-json\/wp\/v2\/pages\/777\/revisions"}],"predecessor-version":[{"id":778,"href":"https:\/\/petdireito.ufpr.br\/index.php\/wp-json\/wp\/v2\/pages\/777\/revisions\/778"}],"wp:attachment":[{"href":"https:\/\/petdireito.ufpr.br\/index.php\/wp-json\/wp\/v2\/media?parent=777"}],"curies":[{"name":"wp","href":"https:\/\/api.w.org\/{rel}","templated":true}]}}