{"id":892,"date":"2020-05-29T18:04:06","date_gmt":"2020-05-29T18:04:06","guid":{"rendered":"https:\/\/petdireito.ufpr.br\/?page_id=892"},"modified":"2020-05-29T19:32:24","modified_gmt":"2020-05-29T19:32:24","slug":"anais-da-xx-jornada-de-iniciacao-cientifica-curitiba-v-1-n-9-2018","status":"publish","type":"page","link":"https:\/\/petdireito.ufpr.br\/index.php\/anais-da-xx-jornada-de-iniciacao-cientifica-curitiba-v-1-n-9-2018\/","title":{"rendered":"Anais da XX Jornada de Inicia\u00e7\u00e3o Cient\u00edfica, Curitiba, v. 1, n. 9, 2018"},"content":{"rendered":"<p><strong>Tutora do Grupo PET\/Direito:\u00a0<\/strong>Eneida Desiree Salgado<\/p>\n<hr \/>\n<p><strong>Organiza\u00e7\u00e3o:\u00a0<\/strong>Grupo PET\/Direito<\/p>\n<hr \/>\n<p><strong>Apresenta\u00e7\u00e3o:<\/strong><\/p>\n<p style=\"text-align: justify;\">Em 2018, o grupo PET Direito organizou a XX Jornada de Inicia\u00e7\u00e3o Cient\u00edfica. A Jornada realizou duas bancas simult\u00e2neas nas \u00e1reas de\u00a0 <strong>Estudos em <\/strong><strong>Direito do Estado<\/strong>\u00a0e <strong>Estudos Proped\u00eauticos em Direito<\/strong>. Foram\u00a0apresentados e avaliados 7 artigos, distribu\u00eddos nas duas \u00e1reas de concentra\u00e7\u00e3o, todos eles tendo sido objeto de publica\u00e7\u00e3o, conforme os links abaixo.<\/p>\n<p style=\"text-align: justify;\"><a href=\"https:\/\/petdireito.ufpr.br\/index.php\/2018\/06\/21\/edital-de-convocacao-da-xx-jornada-de-iniciacao-cientifica\/\">Edital<\/a><\/p>\n<hr \/>\n<p><strong>ESTUDOS EM DIREITO DO ESTADO<\/strong><\/p>\n<hr \/>\n<p style=\"text-align: justify;\"><strong>Banca: <\/strong>Heloisa Fernandes C\u00e2mara, Andr\u00e9 Luiz Nunes da Silva e Felipe Klein Gussoli.<\/p>\n<hr \/>\n<p><strong>Artigos publicados:<\/strong><\/p>\n<hr \/>\n<p style=\"text-align: justify;\"><strong>1 \u00ba Colocado:\u00a0<a href=\"https:\/\/petdireito.ufpr.br\/index.php\/anais-da-xx-jornada-de-iniciacao-cientifica-curitiba-v-1-n-9-p-1-24-2018\/\">\u201cDispute boards como meio adequado de solu\u00e7\u00e3o de controv\u00e9rsias em contratos p\u00fablicos<\/a> <a href=\"https:\/\/petdireito.ufpr.br\/index.php\/anais-da-xx-jornada-de-iniciacao-cientifica-curitiba-v-1-n-9-p-1-24-2018\/\">de constru\u00e7\u00e3o\u201d<\/a><\/strong> (p. 1-24)\u00a0por Gabriela de Barros Quirino.<\/p>\n<p style=\"text-align: justify;\"><strong>2 \u00ba Colocado: <a href=\"https:\/\/petdireito.ufpr.br\/index.php\/anais-da-xx-jornada-de-iniciacao-cientifica-curitiba-v-1-n-9-p-25-48-2018\/\">\u201cAtivismo judicial e estruturas: uma vis\u00e3o da hipertrofica judicial al\u00e9m da atua\u00e7\u00e3o dos<\/a> <a href=\"https:\/\/petdireito.ufpr.br\/index.php\/anais-da-xx-jornada-de-iniciacao-cientifica-curitiba-v-1-n-9-p-25-48-2018\/\">ju\u00edzes\u201d <\/a><\/strong>(p. 25-48)\u00a0por Arthur Passos El Horr e Let\u00edcia Klechowicz.<\/p>\n<hr \/>\n<p style=\"text-align: justify;\"><strong>3 \u00ba Colocado:\u00a0<a href=\"https:\/\/petdireito.ufpr.br\/?p=913\">\u201cRacionalidade nos Juizados Especiais &#8211; An\u00e1lise da racionalidade comunicativa como<\/a> <a href=\"https:\/\/petdireito.ufpr.br\/?p=913\">m\u00e9todo de concilia\u00e7\u00e3o\u201d<\/a><\/strong> (p. 49-63)\u00a0por Arthur Ara\u00fajo de Menezes e Estefani de Ara\u00fajo Franco.<\/p>\n<hr \/>\n<p style=\"text-align: justify;\"><strong>ESTUDOS PROPED\u00caUTICOS EM DIREITO<br \/>\n<\/strong><\/p>\n<hr \/>\n<p style=\"text-align: justify;\"><strong>Banca: <\/strong>Celso Luiz Ludwig, Violeta Sarti Caldeira e Thais Vella Cruz.<\/p>\n<hr \/>\n<p style=\"text-align: justify;\"><strong>Artigos publicados:<\/strong><\/p>\n<hr \/>\n<p style=\"text-align: justify;\"><strong>1 \u00aa Colocada:\u00a0<a href=\"https:\/\/petdireito.ufpr.br\/index.php\/anais-da-xx-jornada-de-iniciacao-cientifica-curitiba-v-1-n-9-p-64-78-2018\/\">\u201cNeoliberalismo e biopol\u00edtica no Brasil ou dos trabalhadores de uma \u00e9poca sob o discurso<\/a> <a href=\"https:\/\/petdireito.ufpr.br\/index.php\/anais-da-xx-jornada-de-iniciacao-cientifica-curitiba-v-1-n-9-p-64-78-2018\/\">do medo\u201d<\/a><\/strong> (p. 64-78)\u00a0por Lugan Thierry Fernandes da Costa e Thais Let\u00edcia Borazo Ziliotto.<\/p>\n<hr \/>\n<p style=\"text-align: justify;\"><strong>2 \u00ba Colocado:\u00a0<a href=\"https:\/\/petdireito.ufpr.br\/?p=920\">\u201cNot\u00edcias falsas, pol\u00edticas reais\u201d<\/a> <\/strong>(p. 79-104)\u00a0por Alice de Perdig\u00e3o Lana e Uriel Pozzi Silva.<\/p>\n<hr \/>\n<p style=\"text-align: justify;\"><strong>3 \u00aa Colocado: <\/strong><a href=\"https:\/\/petdireito.ufpr.br\/?p=923\"><strong>\u201cA rela\u00e7\u00e3o entre a efic\u00e1cia normativa e a coexist\u00eancia de ordens normativas a partir da economia comportamental\u201d <\/strong><\/a>(p. 105-122)\u00a0por Pablo Ademir de Souza.<\/p>\n<hr \/>\n<p style=\"text-align: justify;\"><strong>4 \u00ba Colocado: <a href=\"https:\/\/petdireito.ufpr.br\/index.php\/anais-da-xx-jornada-de-iniciacao-cientifica-curitiba-v-1-n-9-p-123-140-2018\/\">\u201c(Re)pensando a decis\u00e3o judicial em tempos de neuroci\u00eancias &#8211; O di\u00e1logo entre o c\u00e9rebro e<\/a> <a href=\"https:\/\/petdireito.ufpr.br\/index.php\/anais-da-xx-jornada-de-iniciacao-cientifica-curitiba-v-1-n-9-p-123-140-2018\/\">a toga\u201d <\/a><\/strong>(p. 123- 140) por Gean Lucas Carvalho.<\/p>\n<p>&nbsp;<\/p>\n","protected":false},"excerpt":{"rendered":"<p>Tutora do Grupo PET\/Direito:\u00a0Eneida Desiree Salgado Organiza\u00e7\u00e3o:\u00a0Grupo PET\/Direito Apresenta\u00e7\u00e3o: Em 2018, o grupo PET Direito organizou a XX Jornada de Inicia\u00e7\u00e3o Cient\u00edfica. A Jornada realizou duas bancas simult\u00e2neas nas \u00e1reas de\u00a0 Estudos em Direito do Estado\u00a0e Estudos Proped\u00eauticos&#8230; <a class=\"read-more\" href=\"https:\/\/petdireito.ufpr.br\/index.php\/anais-da-xx-jornada-de-iniciacao-cientifica-curitiba-v-1-n-9-2018\/\">Read More<\/a><\/p>\n","protected":false},"author":1,"featured_media":0,"parent":0,"menu_order":0,"comment_status":"closed","ping_status":"open","template":"","meta":{"footnotes":""},"class_list":["post-892","page","type-page","status-publish","hentry"],"_links":{"self":[{"href":"https:\/\/petdireito.ufpr.br\/index.php\/wp-json\/wp\/v2\/pages\/892","targetHints":{"allow":["GET"]}}],"collection":[{"href":"https:\/\/petdireito.ufpr.br\/index.php\/wp-json\/wp\/v2\/pages"}],"about":[{"href":"https:\/\/petdireito.ufpr.br\/index.php\/wp-json\/wp\/v2\/types\/page"}],"author":[{"embeddable":true,"href":"https:\/\/petdireito.ufpr.br\/index.php\/wp-json\/wp\/v2\/users\/1"}],"replies":[{"embeddable":true,"href":"https:\/\/petdireito.ufpr.br\/index.php\/wp-json\/wp\/v2\/comments?post=892"}],"version-history":[{"count":13,"href":"https:\/\/petdireito.ufpr.br\/index.php\/wp-json\/wp\/v2\/pages\/892\/revisions"}],"predecessor-version":[{"id":935,"href":"https:\/\/petdireito.ufpr.br\/index.php\/wp-json\/wp\/v2\/pages\/892\/revisions\/935"}],"wp:attachment":[{"href":"https:\/\/petdireito.ufpr.br\/index.php\/wp-json\/wp\/v2\/media?parent=892"}],"curies":[{"name":"wp","href":"https:\/\/api.w.org\/{rel}","templated":true}]}}