{"id":913,"date":"2020-05-29T19:09:04","date_gmt":"2020-05-29T19:09:04","guid":{"rendered":"https:\/\/petdireito.ufpr.br\/?page_id=913"},"modified":"2020-05-29T19:09:04","modified_gmt":"2020-05-29T19:09:04","slug":"anais-da-xx-jornada-de-iniciacao-cientifica-curitiba-v-1-n-9-p-49-63-2018","status":"publish","type":"page","link":"https:\/\/petdireito.ufpr.br\/index.php\/anais-da-xx-jornada-de-iniciacao-cientifica-curitiba-v-1-n-9-p-49-63-2018\/","title":{"rendered":"Anais da XX Jornada de Inicia\u00e7\u00e3o Cient\u00edfica, Curitiba, v. 1, n. 9, p. 49-63, 2018"},"content":{"rendered":"<p>[gview file=&#8221;https:\/\/petdireito.ufpr.br\/wp-content\/uploads\/2020\/05\/Publica\u00e7\u00e3o-completa_pagenumber-1-49-63.pdf&#8221;]<\/p>\n","protected":false},"excerpt":{"rendered":"<p>[gview file=&#8221;https:\/\/petdireito.ufpr.br\/wp-content\/uploads\/2020\/05\/Publica\u00e7\u00e3o-completa_pagenumber-1-49-63.pdf&#8221;]<\/p>\n","protected":false},"author":1,"featured_media":0,"parent":0,"menu_order":0,"comment_status":"closed","ping_status":"open","template":"","meta":{"footnotes":""},"class_list":["post-913","page","type-page","status-publish","hentry"],"_links":{"self":[{"href":"https:\/\/petdireito.ufpr.br\/index.php\/wp-json\/wp\/v2\/pages\/913","targetHints":{"allow":["GET"]}}],"collection":[{"href":"https:\/\/petdireito.ufpr.br\/index.php\/wp-json\/wp\/v2\/pages"}],"about":[{"href":"https:\/\/petdireito.ufpr.br\/index.php\/wp-json\/wp\/v2\/types\/page"}],"author":[{"embeddable":true,"href":"https:\/\/petdireito.ufpr.br\/index.php\/wp-json\/wp\/v2\/users\/1"}],"replies":[{"embeddable":true,"href":"https:\/\/petdireito.ufpr.br\/index.php\/wp-json\/wp\/v2\/comments?post=913"}],"version-history":[{"count":1,"href":"https:\/\/petdireito.ufpr.br\/index.php\/wp-json\/wp\/v2\/pages\/913\/revisions"}],"predecessor-version":[{"id":915,"href":"https:\/\/petdireito.ufpr.br\/index.php\/wp-json\/wp\/v2\/pages\/913\/revisions\/915"}],"wp:attachment":[{"href":"https:\/\/petdireito.ufpr.br\/index.php\/wp-json\/wp\/v2\/media?parent=913"}],"curies":[{"name":"wp","href":"https:\/\/api.w.org\/{rel}","templated":true}]}}