{"id":946,"date":"2020-05-31T17:33:09","date_gmt":"2020-05-31T17:33:09","guid":{"rendered":"https:\/\/petdireito.ufpr.br\/?page_id=946"},"modified":"2020-05-31T17:33:09","modified_gmt":"2020-05-31T17:33:09","slug":"anais-da-xxi-jornada-de-iniciacao-cientifica-curitiba-v-1-n-10-p-24-42-2019","status":"publish","type":"page","link":"https:\/\/petdireito.ufpr.br\/index.php\/anais-da-xxi-jornada-de-iniciacao-cientifica-curitiba-v-1-n-10-p-24-42-2019\/","title":{"rendered":"Anais da XXI Jornada de Inicia\u00e7\u00e3o Cient\u00edfica, Curitiba, v.1, n. 10, p. 24-42, 2019."},"content":{"rendered":"<p>[gview file=&#8221;https:\/\/petdireito.ufpr.br\/wp-content\/uploads\/2020\/05\/2-Erick-Alberto-publica\u00e7\u00e3o-rela\u00e7\u00f5es-sociais.pdf&#8221;]<\/p>\n","protected":false},"excerpt":{"rendered":"<p>[gview file=&#8221;https:\/\/petdireito.ufpr.br\/wp-content\/uploads\/2020\/05\/2-Erick-Alberto-publica\u00e7\u00e3o-rela\u00e7\u00f5es-sociais.pdf&#8221;]<\/p>\n","protected":false},"author":1,"featured_media":0,"parent":0,"menu_order":0,"comment_status":"closed","ping_status":"open","template":"","meta":{"footnotes":""},"class_list":["post-946","page","type-page","status-publish","hentry"],"_links":{"self":[{"href":"https:\/\/petdireito.ufpr.br\/index.php\/wp-json\/wp\/v2\/pages\/946","targetHints":{"allow":["GET"]}}],"collection":[{"href":"https:\/\/petdireito.ufpr.br\/index.php\/wp-json\/wp\/v2\/pages"}],"about":[{"href":"https:\/\/petdireito.ufpr.br\/index.php\/wp-json\/wp\/v2\/types\/page"}],"author":[{"embeddable":true,"href":"https:\/\/petdireito.ufpr.br\/index.php\/wp-json\/wp\/v2\/users\/1"}],"replies":[{"embeddable":true,"href":"https:\/\/petdireito.ufpr.br\/index.php\/wp-json\/wp\/v2\/comments?post=946"}],"version-history":[{"count":1,"href":"https:\/\/petdireito.ufpr.br\/index.php\/wp-json\/wp\/v2\/pages\/946\/revisions"}],"predecessor-version":[{"id":948,"href":"https:\/\/petdireito.ufpr.br\/index.php\/wp-json\/wp\/v2\/pages\/946\/revisions\/948"}],"wp:attachment":[{"href":"https:\/\/petdireito.ufpr.br\/index.php\/wp-json\/wp\/v2\/media?parent=946"}],"curies":[{"name":"wp","href":"https:\/\/api.w.org\/{rel}","templated":true}]}}