{"id":949,"date":"2020-05-31T17:34:11","date_gmt":"2020-05-31T17:34:11","guid":{"rendered":"https:\/\/petdireito.ufpr.br\/?page_id=949"},"modified":"2020-05-31T17:34:11","modified_gmt":"2020-05-31T17:34:11","slug":"anais-da-xxi-jornada-de-iniciacao-cientifica-curitiba-v-1-n-10-p-43-63-2019","status":"publish","type":"page","link":"https:\/\/petdireito.ufpr.br\/index.php\/anais-da-xxi-jornada-de-iniciacao-cientifica-curitiba-v-1-n-10-p-43-63-2019\/","title":{"rendered":"Anais da XXI Jornada de Inicia\u00e7\u00e3o Cient\u00edfica, Curitiba, v.1, n. 10, p. 43-63, 2019."},"content":{"rendered":"<p>[gview file=&#8221;https:\/\/petdireito.ufpr.br\/wp-content\/uploads\/2020\/05\/3-Marcelle-publica\u00e7\u00e3o-Estado.pdf&#8221;]<\/p>\n","protected":false},"excerpt":{"rendered":"<p>[gview file=&#8221;https:\/\/petdireito.ufpr.br\/wp-content\/uploads\/2020\/05\/3-Marcelle-publica\u00e7\u00e3o-Estado.pdf&#8221;]<\/p>\n","protected":false},"author":1,"featured_media":0,"parent":0,"menu_order":0,"comment_status":"closed","ping_status":"open","template":"","meta":{"footnotes":""},"class_list":["post-949","page","type-page","status-publish","hentry"],"_links":{"self":[{"href":"https:\/\/petdireito.ufpr.br\/index.php\/wp-json\/wp\/v2\/pages\/949","targetHints":{"allow":["GET"]}}],"collection":[{"href":"https:\/\/petdireito.ufpr.br\/index.php\/wp-json\/wp\/v2\/pages"}],"about":[{"href":"https:\/\/petdireito.ufpr.br\/index.php\/wp-json\/wp\/v2\/types\/page"}],"author":[{"embeddable":true,"href":"https:\/\/petdireito.ufpr.br\/index.php\/wp-json\/wp\/v2\/users\/1"}],"replies":[{"embeddable":true,"href":"https:\/\/petdireito.ufpr.br\/index.php\/wp-json\/wp\/v2\/comments?post=949"}],"version-history":[{"count":1,"href":"https:\/\/petdireito.ufpr.br\/index.php\/wp-json\/wp\/v2\/pages\/949\/revisions"}],"predecessor-version":[{"id":951,"href":"https:\/\/petdireito.ufpr.br\/index.php\/wp-json\/wp\/v2\/pages\/949\/revisions\/951"}],"wp:attachment":[{"href":"https:\/\/petdireito.ufpr.br\/index.php\/wp-json\/wp\/v2\/media?parent=949"}],"curies":[{"name":"wp","href":"https:\/\/api.w.org\/{rel}","templated":true}]}}